{"id":151,"date":"2017-11-01T11:41:00","date_gmt":"2017-11-01T13:41:00","guid":{"rendered":"http:\/\/www.rncassociados.com.br\/?page_id=151"},"modified":"2025-05-20T23:06:23","modified_gmt":"2025-05-21T02:06:23","slug":"gestao-corporativa","status":"publish","type":"page","link":"https:\/\/rnca.com.br\/en\/our-services\/performance-improvement-and-corporate-management\/","title":{"rendered":"Performance improvement and corporate management"},"content":{"rendered":"<p>[vc_row][vc_column][vc_column_text]<\/p>\n<h2><strong><em>Performance Improvement<\/em> e Gest\u00e3o corporativa<\/strong><\/h2>\n<p>[\/vc_column_text][vc_separator color=&#8221;custom&#8221; align=&#8221;align_left&#8221; border_width=&#8221;2&#8243; el_width=&#8221;10&#8243; accent_color=&#8221;#cee244&#8243; css=&#8221;.vc_custom_1509542076595{margin-top: -25px !important;}&#8221;][vc_row_inner][vc_column_inner][vc_column_text]<\/p>\n<p style=\"text-align: justify;\">Oferecemos servi\u00e7os especializados em\u00a0Performance Improvement e Gest\u00e3o Corporativa, projetados para elevar a efici\u00eancia, a competitividade e os resultados do seu neg\u00f3cio.<\/p>\n<p>Nossa abordagem combina an\u00e1lise estrat\u00e9gica, diagn\u00f3stico de processos e implementa\u00e7\u00e3o de solu\u00e7\u00f5es personalizadas para otimizar opera\u00e7\u00f5es, reduzir custos e maximizar a rentabilidade.<\/p>\n<p>Com foco na melhoria cont\u00ednua, ajudamos sua empresa a identificar oportunidades de crescimento, fortalecer a governan\u00e7a corporativa e alinhar as pr\u00e1ticas de gest\u00e3o aos objetivos estrat\u00e9gicos.<\/p>\n<p>Conte conosco para transformar desafios organizacionais em vantagens competitivas, impulsionando o desempenho e a sustentabilidade do seu neg\u00f3cio a longo prazo.<\/p>\n<p>[\/vc_column_text][\/vc_column_inner][\/vc_row_inner][\/vc_column][\/vc_row][vc_row css=&#8221;.vc_custom_1745422209525{margin-bottom: 25px !important;background-color: #cee244 !important;}&#8221;][vc_column][vc_column_text css=&#8221;.vc_custom_1747793121522{margin-top: -15px !important;padding-right: 15px !important;padding-left: 15px !important;}&#8221;]<\/p>\n<p style=\"font-size: 22px;\"><b>Se a sua empresa precisa<\/b><\/p>\n<ul>\n<li>De um\u00a0diagn\u00f3stico profundo com reorganiza\u00e7\u00e3o estrat\u00e9gica de processos<\/li>\n<li>De\u00a0sistemas de controle e informa\u00e7\u00e3o claros e eficientes<\/li>\n<li>De\u00a0execu\u00e7\u00e3o especializada &#8211; com profissionais imersos no seu neg\u00f3cio<\/li>\n<li>De\u00a0an\u00e1lises que impulsionam lucratividade em todas as \u00e1reas<\/li>\n<\/ul>\n<p>[\/vc_column_text][\/vc_column][\/vc_row][vc_row css=&#8221;.vc_custom_1510343297338{margin-top: 30px !important;background-color: #999999 !important;}&#8221;][vc_column][vc_column_text el_class=&#8221;white-text&#8221; css=&#8221;.vc_custom_1747793160323{margin-top: -15px !important;padding-right: 15px !important;padding-left: 15px !important;}&#8221;]<\/p>\n<p style=\"font-size:22px;\"><b>Consulte os nossos servi\u00e7os <\/b><\/p>\n<ul>\n<li>Valuation &#8211; Estudo de valor<\/li>\n<li>Teste de impairment<\/li>\n<li>Cogest\u00e3o interina<\/li>\n<li>Assessoria na gest\u00e3o de custos e despesas<\/li>\n<li>Assessoria na busca\u2028 de aumento de receitas<\/li>\n<li>Estrutura\u00e7\u00e3o de controles para medi\u00e7\u00e3o de performance do neg\u00f3cio<\/li>\n<li>Assessoria na elabora\u00e7\u00e3o\u2028 do planejamento estrat\u00e9gico e plano or\u00e7ament\u00e1rio<\/li>\n<li>Assessoria na implementa\u00e7\u00e3o de plano de neg\u00f3cios<\/li>\n<li>Assessoria na estrutura\u00e7\u00e3o de fluxos de caixa<\/li>\n<li>An\u00e1lise e revis\u00e3o de estrutura organizacional<\/li>\n<li>Assessoria na estrutura\u00e7\u00e3o de avalia\u00e7\u00e3o de desempenho e remunera\u00e7\u00e3o vari\u00e1vel de executivos<\/li>\n<\/ul>\n<p>[\/vc_column_text][\/vc_column][\/vc_row]<\/p>\n","protected":false},"excerpt":{"rendered":"<p>[vc_row][vc_column][vc_column_text] Performance Improvement e Gest\u00e3o corporativa [\/vc_column_text][vc_separator color=&#8221;custom&#8221; align=&#8221;align_left&#8221; border_width=&#8221;2&#8243; el_width=&#8221;10&#8243; accent_color=&#8221;#cee244&#8243; css=&#8221;.vc_custom_1509542076595{margin-top: -25px !important;}&#8221;][vc_row_inner][vc_column_inner][vc_column_text] Oferecemos servi\u00e7os especializados em\u00a0Performance Improvement e Gest\u00e3o Corporativa, projetados para elevar a efici\u00eancia, a competitividade e os resultados do seu neg\u00f3cio. Nossa abordagem combina an\u00e1lise estrat\u00e9gica, diagn\u00f3stico de processos e implementa\u00e7\u00e3o de solu\u00e7\u00f5es personalizadas para otimizar opera\u00e7\u00f5es, reduzir custos e&hellip;<\/p>\n","protected":false},"author":15,"featured_media":0,"parent":123,"menu_order":0,"comment_status":"closed","ping_status":"closed","template":"","meta":{"footnotes":""},"class_list":["post-151","page","type-page","status-publish","hentry","description-off"],"yoast_head":"<!-- This site is optimized with the Yoast SEO plugin v27.6 - https:\/\/yoast.com\/product\/yoast-seo-wordpress\/ -->\n<title>Performance improvement and corporate management - Rio Novo<\/title>\n<meta name=\"robots\" content=\"index, follow, max-snippet:-1, max-image-preview:large, max-video-preview:-1\" \/>\n<link rel=\"canonical\" href=\"https:\/\/rnca.com.br\/nossos-servicos\/gestao-corporativa\/\" \/>\n<meta property=\"og:locale\" content=\"en_US\" \/>\n<meta property=\"og:type\" content=\"article\" \/>\n<meta property=\"og:title\" content=\"[:pb]Performance Improvement e gest\u00e3o corporativa[:en]Performance improvement and corporate management[:] - Rio Novo\" \/>\n<meta property=\"og:description\" content=\"[vc_row][vc_column][vc_column_text] Performance Improvement e Gest\u00e3o corporativa [\/vc_column_text][vc_separator color=&#8221;custom&#8221; align=&#8221;align_left&#8221; border_width=&#8221;2&#8243; el_width=&#8221;10&#8243; accent_color=&#8221;#cee244&#8243; css=&#8221;.vc_custom_1509542076595{margin-top: -25px !important;}&#8221;][vc_row_inner][vc_column_inner][vc_column_text] Oferecemos servi\u00e7os especializados em\u00a0Performance Improvement e Gest\u00e3o Corporativa, projetados para elevar a efici\u00eancia, a competitividade e os resultados do seu neg\u00f3cio. Nossa abordagem combina an\u00e1lise estrat\u00e9gica, diagn\u00f3stico de processos e implementa\u00e7\u00e3o de solu\u00e7\u00f5es personalizadas para otimizar opera\u00e7\u00f5es, reduzir custos e&hellip;\" \/>\n<meta property=\"og:url\" content=\"https:\/\/rnca.com.br\/nossos-servicos\/gestao-corporativa\/\" \/>\n<meta property=\"og:site_name\" content=\"Rio Novo\" \/>\n<meta property=\"article:modified_time\" content=\"2025-05-21T02:06:23+00:00\" \/>\n<meta property=\"og:image\" content=\"https:\/\/rnca.com.br\/wp-content\/uploads\/2017\/10\/logo-float.jpg\" \/>\n<meta name=\"twitter:card\" content=\"summary_large_image\" \/>\n<meta name=\"twitter:label1\" content=\"Est. reading time\" \/>\n\t<meta name=\"twitter:data1\" content=\"2 minutes\" \/>\n<script type=\"application\/ld+json\" class=\"yoast-schema-graph\">{\"@context\":\"https:\\\/\\\/schema.org\",\"@graph\":[{\"@type\":\"WebPage\",\"@id\":\"https:\\\/\\\/rnca.com.br\\\/nossos-servicos\\\/gestao-corporativa\\\/\",\"url\":\"https:\\\/\\\/rnca.com.br\\\/nossos-servicos\\\/gestao-corporativa\\\/\",\"name\":\"[:pb]Performance Improvement e gest\u00e3o corporativa[:en]Performance improvement and corporate management[:] - Rio Novo\",\"isPartOf\":{\"@id\":\"https:\\\/\\\/rnca.com.br\\\/#website\"},\"datePublished\":\"2017-11-01T13:41:00+00:00\",\"dateModified\":\"2025-05-21T02:06:23+00:00\",\"breadcrumb\":{\"@id\":\"https:\\\/\\\/rnca.com.br\\\/nossos-servicos\\\/gestao-corporativa\\\/#breadcrumb\"},\"inLanguage\":\"en-US\",\"potentialAction\":[{\"@type\":\"ReadAction\",\"target\":[\"https:\\\/\\\/rnca.com.br\\\/nossos-servicos\\\/gestao-corporativa\\\/\"]}]},{\"@type\":\"BreadcrumbList\",\"@id\":\"https:\\\/\\\/rnca.com.br\\\/nossos-servicos\\\/gestao-corporativa\\\/#breadcrumb\",\"itemListElement\":[{\"@type\":\"ListItem\",\"position\":1,\"name\":\"In\u00edcio\",\"item\":\"https:\\\/\\\/rnca.com.br\\\/\"},{\"@type\":\"ListItem\",\"position\":2,\"name\":\"[:pb]Nossos Servi\u00e7os[:en]Our Services[:]\",\"item\":\"https:\\\/\\\/rnca.com.br\\\/nossos-servicos\\\/\"},{\"@type\":\"ListItem\",\"position\":3,\"name\":\"[:pb]Performance Improvement e gest\u00e3o corporativa[:en]Performance improvement and corporate management[:]\"}]},{\"@type\":\"WebSite\",\"@id\":\"https:\\\/\\\/rnca.com.br\\\/#website\",\"url\":\"https:\\\/\\\/rnca.com.br\\\/\",\"name\":\"Rio Novo\",\"description\":\"Auditoria. Consultoria. Tributos.\",\"potentialAction\":[{\"@type\":\"SearchAction\",\"target\":{\"@type\":\"EntryPoint\",\"urlTemplate\":\"https:\\\/\\\/rnca.com.br\\\/?s={search_term_string}\"},\"query-input\":{\"@type\":\"PropertyValueSpecification\",\"valueRequired\":true,\"valueName\":\"search_term_string\"}}],\"inLanguage\":\"en-US\"}]}<\/script>\n<!-- \/ Yoast SEO plugin. -->","yoast_head_json":{"title":"[:pb]Performance Improvement e gest\u00e3o corporativa[:en]Performance improvement and corporate management[:] - Rio Novo","robots":{"index":"index","follow":"follow","max-snippet":"max-snippet:-1","max-image-preview":"max-image-preview:large","max-video-preview":"max-video-preview:-1"},"canonical":"https:\/\/rnca.com.br\/nossos-servicos\/gestao-corporativa\/","og_locale":"en_US","og_type":"article","og_title":"[:pb]Performance Improvement e gest\u00e3o corporativa[:en]Performance improvement and corporate management[:] - Rio Novo","og_description":"[vc_row][vc_column][vc_column_text] Performance Improvement e Gest\u00e3o corporativa [\/vc_column_text][vc_separator color=&#8221;custom&#8221; align=&#8221;align_left&#8221; border_width=&#8221;2&#8243; el_width=&#8221;10&#8243; accent_color=&#8221;#cee244&#8243; css=&#8221;.vc_custom_1509542076595{margin-top: -25px !important;}&#8221;][vc_row_inner][vc_column_inner][vc_column_text] Oferecemos servi\u00e7os especializados em\u00a0Performance Improvement e Gest\u00e3o Corporativa, projetados para elevar a efici\u00eancia, a competitividade e os resultados do seu neg\u00f3cio. Nossa abordagem combina an\u00e1lise estrat\u00e9gica, diagn\u00f3stico de processos e implementa\u00e7\u00e3o de solu\u00e7\u00f5es personalizadas para otimizar opera\u00e7\u00f5es, reduzir custos e&hellip;","og_url":"https:\/\/rnca.com.br\/nossos-servicos\/gestao-corporativa\/","og_site_name":"Rio Novo","article_modified_time":"2025-05-21T02:06:23+00:00","og_image":[{"url":"https:\/\/rnca.com.br\/wp-content\/uploads\/2017\/10\/logo-float.jpg","type":"","width":"","height":""}],"twitter_card":"summary_large_image","twitter_misc":{"Est. reading time":"2 minutes"},"schema":{"@context":"https:\/\/schema.org","@graph":[{"@type":"WebPage","@id":"https:\/\/rnca.com.br\/nossos-servicos\/gestao-corporativa\/","url":"https:\/\/rnca.com.br\/nossos-servicos\/gestao-corporativa\/","name":"[:pb]Performance Improvement e gest\u00e3o corporativa[:en]Performance improvement and corporate management[:] - Rio Novo","isPartOf":{"@id":"https:\/\/rnca.com.br\/#website"},"datePublished":"2017-11-01T13:41:00+00:00","dateModified":"2025-05-21T02:06:23+00:00","breadcrumb":{"@id":"https:\/\/rnca.com.br\/nossos-servicos\/gestao-corporativa\/#breadcrumb"},"inLanguage":"en-US","potentialAction":[{"@type":"ReadAction","target":["https:\/\/rnca.com.br\/nossos-servicos\/gestao-corporativa\/"]}]},{"@type":"BreadcrumbList","@id":"https:\/\/rnca.com.br\/nossos-servicos\/gestao-corporativa\/#breadcrumb","itemListElement":[{"@type":"ListItem","position":1,"name":"In\u00edcio","item":"https:\/\/rnca.com.br\/"},{"@type":"ListItem","position":2,"name":"[:pb]Nossos Servi\u00e7os[:en]Our Services[:]","item":"https:\/\/rnca.com.br\/nossos-servicos\/"},{"@type":"ListItem","position":3,"name":"[:pb]Performance Improvement e gest\u00e3o corporativa[:en]Performance improvement and corporate management[:]"}]},{"@type":"WebSite","@id":"https:\/\/rnca.com.br\/#website","url":"https:\/\/rnca.com.br\/","name":"Rio Novo","description":"Auditoria. Consultoria. Tributos.","potentialAction":[{"@type":"SearchAction","target":{"@type":"EntryPoint","urlTemplate":"https:\/\/rnca.com.br\/?s={search_term_string}"},"query-input":{"@type":"PropertyValueSpecification","valueRequired":true,"valueName":"search_term_string"}}],"inLanguage":"en-US"}]}},"_links":{"self":[{"href":"https:\/\/rnca.com.br\/en\/wp-json\/wp\/v2\/pages\/151","targetHints":{"allow":["GET"]}}],"collection":[{"href":"https:\/\/rnca.com.br\/en\/wp-json\/wp\/v2\/pages"}],"about":[{"href":"https:\/\/rnca.com.br\/en\/wp-json\/wp\/v2\/types\/page"}],"author":[{"embeddable":true,"href":"https:\/\/rnca.com.br\/en\/wp-json\/wp\/v2\/users\/15"}],"replies":[{"embeddable":true,"href":"https:\/\/rnca.com.br\/en\/wp-json\/wp\/v2\/comments?post=151"}],"version-history":[{"count":6,"href":"https:\/\/rnca.com.br\/en\/wp-json\/wp\/v2\/pages\/151\/revisions"}],"predecessor-version":[{"id":2001,"href":"https:\/\/rnca.com.br\/en\/wp-json\/wp\/v2\/pages\/151\/revisions\/2001"}],"up":[{"embeddable":true,"href":"https:\/\/rnca.com.br\/en\/wp-json\/wp\/v2\/pages\/123"}],"wp:attachment":[{"href":"https:\/\/rnca.com.br\/en\/wp-json\/wp\/v2\/media?parent=151"}],"curies":[{"name":"wp","href":"https:\/\/api.w.org\/{rel}","templated":true}]}}