{"id":154,"date":"2017-11-01T11:44:45","date_gmt":"2017-11-01T13:44:45","guid":{"rendered":"http:\/\/www.rncassociados.com.br\/?page_id=154"},"modified":"2025-05-20T23:10:37","modified_gmt":"2025-05-21T02:10:37","slug":"gestao-de-riscos","status":"publish","type":"page","link":"https:\/\/rnca.com.br\/en\/our-services\/risk-management\/","title":{"rendered":"Risk management"},"content":{"rendered":"<p>[vc_row][vc_column][vc_column_text]<\/p>\n<h2><strong>Gest\u00e3o de riscos<\/strong><\/h2>\n<p>[\/vc_column_text][vc_separator color=&#8221;custom&#8221; align=&#8221;align_left&#8221; border_width=&#8221;2&#8243; el_width=&#8221;10&#8243; accent_color=&#8221;#cee244&#8243; css=&#8221;.vc_custom_1509542076595{margin-top: -25px !important;}&#8221;][vc_row_inner][vc_column_inner][vc_column_text]<\/p>\n<p style=\"text-align: justify;\">Oferecemos Gest\u00e3o de Riscos especializada para ajudar sua empresa a identificar, avaliar e mitigar potenciais amea\u00e7as que possam impactar seus objetivos estrat\u00e9gicos, operacionais e financeiros.<\/p>\n<p>Nossa equipe utiliza metodologias avan\u00e7adas e ferramentas personalizadas para mapear riscos, implementar controles eficazes e desenvolver planos de a\u00e7\u00e3o proativos, garantindo a resili\u00eancia e a continuidade do neg\u00f3cio.<\/p>\n<p>Com um enfoque preventivo e estrat\u00e9gico, proporcionamos maior seguran\u00e7a, conformidade e tomada de decis\u00e3o informada, alinhada \u00e0s melhores pr\u00e1ticas de governan\u00e7a.<\/p>\n<p>Conte conosco para transformar a gest\u00e3o de riscos em uma vantagem competitiva, fortalecendo a sustentabilidade e o crescimento da sua organiza\u00e7\u00e3o.<\/p>\n<p>[\/vc_column_text][\/vc_column_inner][\/vc_row_inner][\/vc_column][\/vc_row][vc_row css=&#8221;.vc_custom_1745422282084{margin-bottom: 25px !important;background-color: #cee244 !important;}&#8221;][vc_column][vc_column_text css=&#8221;.vc_custom_1747793371030{margin-top: -15px !important;padding-right: 15px !important;padding-left: 15px !important;}&#8221;]<\/p>\n<p style=\"font-size: 22px;\"><b>Se a sua empresa precisa<\/b><\/p>\n<ul>\n<li>De uma vis\u00e3o 360\u00b0 sobre riscos &#8211; operacionais, financeiros, estrat\u00e9gicos e regulat\u00f3rios<\/li>\n<li>De controles proativos que protegem e criam valor<\/li>\n<li>De an\u00e1lises que equilibram mitiga\u00e7\u00e3o de riscos e gera\u00e7\u00e3o de oportunidades<\/li>\n<li>De estrat\u00e9gias sustent\u00e1veis que garantam crescimento com resili\u00eancia<\/li>\n<\/ul>\n<p>[\/vc_column_text][\/vc_column][\/vc_row][vc_row gap=&#8221;20&#8243; content_placement=&#8221;top&#8221;][vc_column css=&#8221;.vc_custom_1510343050436{background-color: #999999 !important;}&#8221;][vc_column_text el_class=&#8221;white-text&#8221; css=&#8221;.vc_custom_1747793410051{margin-top: -15px !important;padding-right: 15px !important;padding-left: 15px !important;}&#8221;]<\/p>\n<p style=\"font-size:22px;\"><b>Consulte os nossos servi\u00e7os <\/b><\/p>\n<ul>\n<li>Processo de implanta\u00e7\u00e3o e monitoramento\u2028de controles internos<\/li>\n<li>Implanta\u00e7\u00e3o de auditoria interna<\/li>\n<li>Mapeamento de processos operacionais e financeiros<\/li>\n<li>Mapeamento de riscos (testes da SOX\/J-SOX\/EURO-SOX)<\/li>\n<li>Lei anticorrup\u00e7\u00e3o (n\u00b0 12.846)<\/li>\n<li>Desenvolvimento e implanta\u00e7\u00e3o do c\u00f3digo de conduta<\/li>\n<li>Implanta\u00e7\u00e3o e acompanhamento do canal de den\u00fancias<\/li>\n<li>Desenvolvimento e monitoramento de pol\u00edticas e procedimentos<\/li>\n<li>Treinamento para implanta\u00e7\u00e3o de procedimentos de controle<\/li>\n<li>Assegura\u00e7\u00e3o de relat\u00f3rio de sustentabilidade<\/li>\n<\/ul>\n<p>[\/vc_column_text][\/vc_column][\/vc_row][vc_row gap=&#8221;20&#8243; content_placement=&#8221;top&#8221;][vc_column width=&#8221;1\/3&#8243;][\/vc_column][vc_column width=&#8221;1\/3&#8243;][\/vc_column][\/vc_row]<\/p>\n","protected":false},"excerpt":{"rendered":"<p>[vc_row][vc_column][vc_column_text] Gest\u00e3o de riscos [\/vc_column_text][vc_separator color=&#8221;custom&#8221; align=&#8221;align_left&#8221; border_width=&#8221;2&#8243; el_width=&#8221;10&#8243; accent_color=&#8221;#cee244&#8243; css=&#8221;.vc_custom_1509542076595{margin-top: -25px !important;}&#8221;][vc_row_inner][vc_column_inner][vc_column_text] Oferecemos Gest\u00e3o de Riscos especializada para ajudar sua empresa a identificar, avaliar e mitigar potenciais amea\u00e7as que possam impactar seus objetivos estrat\u00e9gicos, operacionais e financeiros. Nossa equipe utiliza metodologias avan\u00e7adas e ferramentas personalizadas para mapear riscos, implementar controles eficazes e desenvolver planos&hellip;<\/p>\n","protected":false},"author":15,"featured_media":0,"parent":123,"menu_order":0,"comment_status":"closed","ping_status":"closed","template":"","meta":{"footnotes":""},"class_list":["post-154","page","type-page","status-publish","hentry","description-off"],"yoast_head":"<!-- This site is optimized with the Yoast SEO plugin v27.6 - https:\/\/yoast.com\/product\/yoast-seo-wordpress\/ -->\n<title>Risk management - Rio Novo<\/title>\n<meta name=\"robots\" content=\"index, follow, max-snippet:-1, max-image-preview:large, max-video-preview:-1\" \/>\n<link rel=\"canonical\" href=\"https:\/\/rnca.com.br\/nossos-servicos\/gestao-de-riscos\/\" \/>\n<meta property=\"og:locale\" content=\"en_US\" \/>\n<meta property=\"og:type\" content=\"article\" \/>\n<meta property=\"og:title\" content=\"[:pb]Gest\u00e3o de riscos[:en]Risk management[:] - Rio Novo\" \/>\n<meta property=\"og:description\" content=\"[vc_row][vc_column][vc_column_text] Gest\u00e3o de riscos [\/vc_column_text][vc_separator color=&#8221;custom&#8221; align=&#8221;align_left&#8221; border_width=&#8221;2&#8243; el_width=&#8221;10&#8243; accent_color=&#8221;#cee244&#8243; css=&#8221;.vc_custom_1509542076595{margin-top: -25px !important;}&#8221;][vc_row_inner][vc_column_inner][vc_column_text] Oferecemos Gest\u00e3o de Riscos especializada para ajudar sua empresa a identificar, avaliar e mitigar potenciais amea\u00e7as que possam impactar seus objetivos estrat\u00e9gicos, operacionais e financeiros. Nossa equipe utiliza metodologias avan\u00e7adas e ferramentas personalizadas para mapear riscos, implementar controles eficazes e desenvolver planos&hellip;\" \/>\n<meta property=\"og:url\" content=\"https:\/\/rnca.com.br\/nossos-servicos\/gestao-de-riscos\/\" \/>\n<meta property=\"og:site_name\" content=\"Rio Novo\" \/>\n<meta property=\"article:modified_time\" content=\"2025-05-21T02:10:37+00:00\" \/>\n<meta property=\"og:image\" content=\"https:\/\/rnca.com.br\/wp-content\/uploads\/2017\/10\/logo-float.jpg\" \/>\n<meta name=\"twitter:card\" content=\"summary_large_image\" \/>\n<meta name=\"twitter:label1\" content=\"Est. reading time\" \/>\n\t<meta name=\"twitter:data1\" content=\"1 minute\" \/>\n<script type=\"application\/ld+json\" class=\"yoast-schema-graph\">{\"@context\":\"https:\\\/\\\/schema.org\",\"@graph\":[{\"@type\":\"WebPage\",\"@id\":\"https:\\\/\\\/rnca.com.br\\\/nossos-servicos\\\/gestao-de-riscos\\\/\",\"url\":\"https:\\\/\\\/rnca.com.br\\\/nossos-servicos\\\/gestao-de-riscos\\\/\",\"name\":\"[:pb]Gest\u00e3o de riscos[:en]Risk management[:] - Rio Novo\",\"isPartOf\":{\"@id\":\"https:\\\/\\\/rnca.com.br\\\/#website\"},\"datePublished\":\"2017-11-01T13:44:45+00:00\",\"dateModified\":\"2025-05-21T02:10:37+00:00\",\"breadcrumb\":{\"@id\":\"https:\\\/\\\/rnca.com.br\\\/nossos-servicos\\\/gestao-de-riscos\\\/#breadcrumb\"},\"inLanguage\":\"en-US\",\"potentialAction\":[{\"@type\":\"ReadAction\",\"target\":[\"https:\\\/\\\/rnca.com.br\\\/nossos-servicos\\\/gestao-de-riscos\\\/\"]}]},{\"@type\":\"BreadcrumbList\",\"@id\":\"https:\\\/\\\/rnca.com.br\\\/nossos-servicos\\\/gestao-de-riscos\\\/#breadcrumb\",\"itemListElement\":[{\"@type\":\"ListItem\",\"position\":1,\"name\":\"In\u00edcio\",\"item\":\"https:\\\/\\\/rnca.com.br\\\/\"},{\"@type\":\"ListItem\",\"position\":2,\"name\":\"[:pb]Nossos Servi\u00e7os[:en]Our Services[:]\",\"item\":\"https:\\\/\\\/rnca.com.br\\\/nossos-servicos\\\/\"},{\"@type\":\"ListItem\",\"position\":3,\"name\":\"[:pb]Gest\u00e3o de riscos[:en]Risk management[:]\"}]},{\"@type\":\"WebSite\",\"@id\":\"https:\\\/\\\/rnca.com.br\\\/#website\",\"url\":\"https:\\\/\\\/rnca.com.br\\\/\",\"name\":\"Rio Novo\",\"description\":\"Auditoria. Consultoria. Tributos.\",\"potentialAction\":[{\"@type\":\"SearchAction\",\"target\":{\"@type\":\"EntryPoint\",\"urlTemplate\":\"https:\\\/\\\/rnca.com.br\\\/?s={search_term_string}\"},\"query-input\":{\"@type\":\"PropertyValueSpecification\",\"valueRequired\":true,\"valueName\":\"search_term_string\"}}],\"inLanguage\":\"en-US\"}]}<\/script>\n<!-- \/ Yoast SEO plugin. -->","yoast_head_json":{"title":"[:pb]Gest\u00e3o de riscos[:en]Risk management[:] - Rio Novo","robots":{"index":"index","follow":"follow","max-snippet":"max-snippet:-1","max-image-preview":"max-image-preview:large","max-video-preview":"max-video-preview:-1"},"canonical":"https:\/\/rnca.com.br\/nossos-servicos\/gestao-de-riscos\/","og_locale":"en_US","og_type":"article","og_title":"[:pb]Gest\u00e3o de riscos[:en]Risk management[:] - Rio Novo","og_description":"[vc_row][vc_column][vc_column_text] Gest\u00e3o de riscos [\/vc_column_text][vc_separator color=&#8221;custom&#8221; align=&#8221;align_left&#8221; border_width=&#8221;2&#8243; el_width=&#8221;10&#8243; accent_color=&#8221;#cee244&#8243; css=&#8221;.vc_custom_1509542076595{margin-top: -25px !important;}&#8221;][vc_row_inner][vc_column_inner][vc_column_text] Oferecemos Gest\u00e3o de Riscos especializada para ajudar sua empresa a identificar, avaliar e mitigar potenciais amea\u00e7as que possam impactar seus objetivos estrat\u00e9gicos, operacionais e financeiros. Nossa equipe utiliza metodologias avan\u00e7adas e ferramentas personalizadas para mapear riscos, implementar controles eficazes e desenvolver planos&hellip;","og_url":"https:\/\/rnca.com.br\/nossos-servicos\/gestao-de-riscos\/","og_site_name":"Rio Novo","article_modified_time":"2025-05-21T02:10:37+00:00","og_image":[{"url":"https:\/\/rnca.com.br\/wp-content\/uploads\/2017\/10\/logo-float.jpg","type":"","width":"","height":""}],"twitter_card":"summary_large_image","twitter_misc":{"Est. reading time":"1 minute"},"schema":{"@context":"https:\/\/schema.org","@graph":[{"@type":"WebPage","@id":"https:\/\/rnca.com.br\/nossos-servicos\/gestao-de-riscos\/","url":"https:\/\/rnca.com.br\/nossos-servicos\/gestao-de-riscos\/","name":"[:pb]Gest\u00e3o de riscos[:en]Risk management[:] - Rio Novo","isPartOf":{"@id":"https:\/\/rnca.com.br\/#website"},"datePublished":"2017-11-01T13:44:45+00:00","dateModified":"2025-05-21T02:10:37+00:00","breadcrumb":{"@id":"https:\/\/rnca.com.br\/nossos-servicos\/gestao-de-riscos\/#breadcrumb"},"inLanguage":"en-US","potentialAction":[{"@type":"ReadAction","target":["https:\/\/rnca.com.br\/nossos-servicos\/gestao-de-riscos\/"]}]},{"@type":"BreadcrumbList","@id":"https:\/\/rnca.com.br\/nossos-servicos\/gestao-de-riscos\/#breadcrumb","itemListElement":[{"@type":"ListItem","position":1,"name":"In\u00edcio","item":"https:\/\/rnca.com.br\/"},{"@type":"ListItem","position":2,"name":"[:pb]Nossos Servi\u00e7os[:en]Our Services[:]","item":"https:\/\/rnca.com.br\/nossos-servicos\/"},{"@type":"ListItem","position":3,"name":"[:pb]Gest\u00e3o de riscos[:en]Risk management[:]"}]},{"@type":"WebSite","@id":"https:\/\/rnca.com.br\/#website","url":"https:\/\/rnca.com.br\/","name":"Rio Novo","description":"Auditoria. Consultoria. Tributos.","potentialAction":[{"@type":"SearchAction","target":{"@type":"EntryPoint","urlTemplate":"https:\/\/rnca.com.br\/?s={search_term_string}"},"query-input":{"@type":"PropertyValueSpecification","valueRequired":true,"valueName":"search_term_string"}}],"inLanguage":"en-US"}]}},"_links":{"self":[{"href":"https:\/\/rnca.com.br\/en\/wp-json\/wp\/v2\/pages\/154","targetHints":{"allow":["GET"]}}],"collection":[{"href":"https:\/\/rnca.com.br\/en\/wp-json\/wp\/v2\/pages"}],"about":[{"href":"https:\/\/rnca.com.br\/en\/wp-json\/wp\/v2\/types\/page"}],"author":[{"embeddable":true,"href":"https:\/\/rnca.com.br\/en\/wp-json\/wp\/v2\/users\/15"}],"replies":[{"embeddable":true,"href":"https:\/\/rnca.com.br\/en\/wp-json\/wp\/v2\/comments?post=154"}],"version-history":[{"count":4,"href":"https:\/\/rnca.com.br\/en\/wp-json\/wp\/v2\/pages\/154\/revisions"}],"predecessor-version":[{"id":2002,"href":"https:\/\/rnca.com.br\/en\/wp-json\/wp\/v2\/pages\/154\/revisions\/2002"}],"up":[{"embeddable":true,"href":"https:\/\/rnca.com.br\/en\/wp-json\/wp\/v2\/pages\/123"}],"wp:attachment":[{"href":"https:\/\/rnca.com.br\/en\/wp-json\/wp\/v2\/media?parent=154"}],"curies":[{"name":"wp","href":"https:\/\/api.w.org\/{rel}","templated":true}]}}