{"id":157,"date":"2017-11-01T12:31:37","date_gmt":"2017-11-01T14:31:37","guid":{"rendered":"http:\/\/www.rncassociados.com.br\/?page_id=157"},"modified":"2025-05-20T23:00:26","modified_gmt":"2025-05-21T02:00:26","slug":"assessoria-pos-ma","status":"publish","type":"page","link":"https:\/\/rnca.com.br\/en\/our-services\/pos-m-a-advisory\/","title":{"rendered":"Post-M&#038;A advisory"},"content":{"rendered":"<p>[vc_row][vc_column][vc_column_text]<\/p>\n<h2><strong>Assessoria M&amp;A<\/strong><\/h2>\n<p>[\/vc_column_text][vc_separator color=&#8221;custom&#8221; align=&#8221;align_left&#8221; border_width=&#8221;2&#8243; el_width=&#8221;10&#8243; accent_color=&#8221;#cee244&#8243; css=&#8221;.vc_custom_1509542076595{margin-top: -25px !important;}&#8221;][vc_row_inner][vc_column_inner][vc_column_text]<\/p>\n<p style=\"text-align: justify;\">Oferecemos Assessoria em M&amp;A (Fus\u00f5es e Aquisi\u00e7\u00f5es)\u00a0para auxiliar sua empresa em todas as etapas de transa\u00e7\u00f5es estrat\u00e9gicas, desde a identifica\u00e7\u00e3o de oportunidades at\u00e9 a integra\u00e7\u00e3o p\u00f3s-neg\u00f3cio.<\/p>\n<p style=\"text-align: justify;\">Nossa equipe especializada atua com um enfoque personalizado, conduzindo an\u00e1lises detalhadas de valuation, due diligence, estrutura\u00e7\u00e3o de opera\u00e7\u00f5es e negocia\u00e7\u00f5es, sempre alinhadas aos seus objetivos corporativos.<\/p>\n<p>Com vasta experi\u00eancia no mercado, garantimos suporte completo para maximizar o valor da transa\u00e7\u00e3o, mitigar riscos e assegurar a sinergia entre as partes envolvidas.<\/p>\n<p>Conte conosco para transformar desafios complexos em oportunidades de crescimento e sucesso para o seu neg\u00f3cio.[\/vc_column_text][\/vc_column_inner][\/vc_row_inner][\/vc_column][\/vc_row][vc_row css=&#8221;.vc_custom_1745421883392{margin-bottom: 25px !important;border-bottom-width: 0px !important;padding-top: 0px !important;padding-right: 15px !important;padding-left: 15px !important;background-color: #cee244 !important;}&#8221;][vc_column][vc_column_text]<\/p>\n<p style=\"font-size: 22px;\"><b>Se a sua empresa precisa<\/b><\/p>\n<ul>\n<li>Identificar e capturar sinergias entre opera\u00e7\u00f5es, culturas e estruturas<\/li>\n<li>Captar investimentos<\/li>\n<li>Identificar necessidade de sucess\u00e3o que previnem imprevistos e garantem continuidade<\/li>\n<li>Vis\u00e3o multidisciplinar para revelar oportunidades ocultas<\/li>\n<\/ul>\n<p>[\/vc_column_text][\/vc_column][\/vc_row][vc_row gap=&#8221;20&#8243; content_placement=&#8221;top&#8221;][vc_column css=&#8221;.vc_custom_1510344139729{background-color: #999999 !important;}&#8221;][vc_column_text el_class=&#8221;white-text&#8221; css=&#8221;.vc_custom_1747791863849{margin-top: -15px !important;padding-right: 15px !important;padding-left: 15px !important;}&#8221;]<\/p>\n<p style=\"font-size:22px;\"><b>Consulte os nossos servi\u00e7os <\/b><\/p>\n<ul>\n<li>Integra\u00e7\u00e3o operacional, cont\u00e1bil e financeira de empresas adquiridas<\/li>\n<li>Integra\u00e7\u00e3o das pol\u00edticas cont\u00e1beis<\/li>\n<li>Consolida\u00e7\u00e3o de <i>reports<\/i><\/li>\n<li>Adequa\u00e7\u00e3o das pol\u00edticas cont\u00e1beis<\/li>\n<li><i>Purchase Price Alocation<\/i> &#8211; PPA<\/li>\n<\/ul>\n<p>[\/vc_column_text][\/vc_column][\/vc_row][vc_row gap=&#8221;20&#8243; content_placement=&#8221;top&#8221; disable_element=&#8221;yes&#8221;][vc_column width=&#8221;1\/2&#8243; css=&#8221;.vc_custom_1681852693657{padding-top: 15px !important;padding-right: 15px !important;padding-bottom: 15px !important;padding-left: 15px !important;background-color: #ffffff !important;}&#8221;][vc_column_text css=&#8221;.vc_custom_1679682056331{margin-top: 0px !important;}&#8221;]<\/p>\n<h5><b>Dennis Rog\u00e9rio Terassi<\/b><\/h5>\n<p>[\/vc_column_text][vc_column_text css=&#8221;.vc_custom_1511376847380{margin-top: -35px !important;}&#8221;]<\/p>\n<h6><a href=\"mailto:dterassi@73n.1a5.myftpupload.com\">dterassi@73n.1a5.myftpupload.com<\/a><\/h6>\n<p>[\/vc_column_text][vc_single_image image=&#8221;472&#8243; img_size=&#8221;full&#8221; alignment=&#8221;center&#8221; onclick=&#8221;custom_link&#8221; link=&#8221;#&#8221; el_class=&#8221;denis&#8221; css=&#8221;.vc_custom_1513005054745{margin-bottom: 0px !important;}&#8221;][vc_btn title=&#8221;VER PERFIL&#8221; style=&#8221;custom&#8221; custom_background=&#8221;#cee244&#8243; custom_text=&#8221;#000000&#8243; shape=&#8221;square&#8221; size=&#8221;sm&#8221; align=&#8221;center&#8221; button_block=&#8221;true&#8221; link=&#8221;url:%23|||&#8221; el_class=&#8221;denis&#8221; css=&#8221;.vc_custom_1511208901500{margin-bottom: 0px !important;}&#8221;][\/vc_column][vc_column width=&#8221;1\/2&#8243; css=&#8221;.vc_custom_1681852708944{padding-top: 15px !important;padding-right: 15px !important;padding-bottom: 15px !important;padding-left: 15px !important;background-color: #ffffff !important;}&#8221;][vc_column_text css=&#8221;.vc_custom_1681852658916{background-color: #ffffff !important;}&#8221;]<\/p>\n<h5><b>Cristiane Kato<\/b><\/h5>\n<p>[\/vc_column_text][vc_column_text css=&#8221;.vc_custom_1681852546392{margin-top: -35px !important;}&#8221;]<\/p>\n<h6><a href=\"mailto:ckato@73n.1a5.myftpupload.com\">ckato@73n.1a5.myftpupload.com<\/a><\/h6>\n<p>[\/vc_column_text][vc_single_image image=&#8221;1472&#8243; img_size=&#8221;full&#8221; alignment=&#8221;center&#8221; onclick=&#8221;custom_link&#8221; link=&#8221;#&#8221; el_class=&#8221;kato&#8221; css=&#8221;.vc_custom_1681852589350{margin-bottom: 0px !important;}&#8221;][vc_btn title=&#8221;VER PERFIL&#8221; style=&#8221;custom&#8221; custom_background=&#8221;#cee244&#8243; custom_text=&#8221;#000000&#8243; shape=&#8221;square&#8221; size=&#8221;sm&#8221; align=&#8221;center&#8221; button_block=&#8221;true&#8221; link=&#8221;url:%23|||&#8221; el_class=&#8221;denis&#8221; css=&#8221;.vc_custom_1511208901500{margin-bottom: 0px !important;}&#8221;][\/vc_column][\/vc_row]<\/p>\n","protected":false},"excerpt":{"rendered":"<p>[vc_row][vc_column][vc_column_text] Assessoria M&amp;A [\/vc_column_text][vc_separator color=&#8221;custom&#8221; align=&#8221;align_left&#8221; border_width=&#8221;2&#8243; el_width=&#8221;10&#8243; accent_color=&#8221;#cee244&#8243; css=&#8221;.vc_custom_1509542076595{margin-top: -25px !important;}&#8221;][vc_row_inner][vc_column_inner][vc_column_text] Oferecemos Assessoria em M&amp;A (Fus\u00f5es e Aquisi\u00e7\u00f5es)\u00a0para auxiliar sua empresa em todas as etapas de transa\u00e7\u00f5es estrat\u00e9gicas, desde a identifica\u00e7\u00e3o de oportunidades at\u00e9 a integra\u00e7\u00e3o p\u00f3s-neg\u00f3cio. Nossa equipe especializada atua com um enfoque personalizado, conduzindo an\u00e1lises detalhadas de valuation, due diligence, estrutura\u00e7\u00e3o de&hellip;<\/p>\n","protected":false},"author":15,"featured_media":0,"parent":123,"menu_order":0,"comment_status":"closed","ping_status":"closed","template":"","meta":{"footnotes":""},"class_list":["post-157","page","type-page","status-publish","hentry","description-off"],"yoast_head":"<!-- This site is optimized with the Yoast SEO plugin v27.6 - https:\/\/yoast.com\/product\/yoast-seo-wordpress\/ -->\n<title>Post-M&amp;A advisory - Rio Novo<\/title>\n<meta name=\"robots\" content=\"index, follow, max-snippet:-1, max-image-preview:large, max-video-preview:-1\" \/>\n<link rel=\"canonical\" href=\"https:\/\/rnca.com.br\/nossos-servicos\/assessoria-em-pre-e-pos-ma\/\" \/>\n<meta property=\"og:locale\" content=\"en_US\" \/>\n<meta property=\"og:type\" content=\"article\" \/>\n<meta property=\"og:title\" content=\"[:pb]Assessoria M&amp;A[:en]Post-M&amp;A advisory[:] - Rio Novo\" \/>\n<meta property=\"og:description\" content=\"[vc_row][vc_column][vc_column_text] Assessoria M&amp;A [\/vc_column_text][vc_separator color=&#8221;custom&#8221; align=&#8221;align_left&#8221; border_width=&#8221;2&#8243; el_width=&#8221;10&#8243; accent_color=&#8221;#cee244&#8243; css=&#8221;.vc_custom_1509542076595{margin-top: -25px !important;}&#8221;][vc_row_inner][vc_column_inner][vc_column_text] Oferecemos Assessoria em M&amp;A (Fus\u00f5es e Aquisi\u00e7\u00f5es)\u00a0para auxiliar sua empresa em todas as etapas de transa\u00e7\u00f5es estrat\u00e9gicas, desde a identifica\u00e7\u00e3o de oportunidades at\u00e9 a integra\u00e7\u00e3o p\u00f3s-neg\u00f3cio. Nossa equipe especializada atua com um enfoque personalizado, conduzindo an\u00e1lises detalhadas de valuation, due diligence, estrutura\u00e7\u00e3o de&hellip;\" \/>\n<meta property=\"og:url\" content=\"https:\/\/rnca.com.br\/nossos-servicos\/assessoria-em-pre-e-pos-ma\/\" \/>\n<meta property=\"og:site_name\" content=\"Rio Novo\" \/>\n<meta property=\"article:modified_time\" content=\"2025-05-21T02:00:26+00:00\" \/>\n<meta property=\"og:image\" content=\"https:\/\/rnca.com.br\/wp-content\/uploads\/2017\/10\/logo-float.jpg\" \/>\n<meta name=\"twitter:card\" content=\"summary_large_image\" \/>\n<meta name=\"twitter:label1\" content=\"Est. reading time\" \/>\n\t<meta name=\"twitter:data1\" content=\"2 minutes\" \/>\n<script type=\"application\/ld+json\" class=\"yoast-schema-graph\">{\"@context\":\"https:\\\/\\\/schema.org\",\"@graph\":[{\"@type\":\"WebPage\",\"@id\":\"https:\\\/\\\/rnca.com.br\\\/nossos-servicos\\\/assessoria-em-pre-e-pos-ma\\\/\",\"url\":\"https:\\\/\\\/rnca.com.br\\\/nossos-servicos\\\/assessoria-em-pre-e-pos-ma\\\/\",\"name\":\"[:pb]Assessoria M&A[:en]Post-M&A advisory[:] - Rio Novo\",\"isPartOf\":{\"@id\":\"https:\\\/\\\/rnca.com.br\\\/#website\"},\"datePublished\":\"2017-11-01T14:31:37+00:00\",\"dateModified\":\"2025-05-21T02:00:26+00:00\",\"breadcrumb\":{\"@id\":\"https:\\\/\\\/rnca.com.br\\\/nossos-servicos\\\/assessoria-em-pre-e-pos-ma\\\/#breadcrumb\"},\"inLanguage\":\"en-US\",\"potentialAction\":[{\"@type\":\"ReadAction\",\"target\":[\"https:\\\/\\\/rnca.com.br\\\/nossos-servicos\\\/assessoria-em-pre-e-pos-ma\\\/\"]}]},{\"@type\":\"BreadcrumbList\",\"@id\":\"https:\\\/\\\/rnca.com.br\\\/nossos-servicos\\\/assessoria-em-pre-e-pos-ma\\\/#breadcrumb\",\"itemListElement\":[{\"@type\":\"ListItem\",\"position\":1,\"name\":\"In\u00edcio\",\"item\":\"https:\\\/\\\/rnca.com.br\\\/\"},{\"@type\":\"ListItem\",\"position\":2,\"name\":\"[:pb]Nossos Servi\u00e7os[:en]Our Services[:]\",\"item\":\"https:\\\/\\\/rnca.com.br\\\/nossos-servicos\\\/\"},{\"@type\":\"ListItem\",\"position\":3,\"name\":\"[:pb]Assessoria M&#038;A[:en]Post-M&#038;A advisory[:]\"}]},{\"@type\":\"WebSite\",\"@id\":\"https:\\\/\\\/rnca.com.br\\\/#website\",\"url\":\"https:\\\/\\\/rnca.com.br\\\/\",\"name\":\"Rio Novo\",\"description\":\"Auditoria. Consultoria. Tributos.\",\"potentialAction\":[{\"@type\":\"SearchAction\",\"target\":{\"@type\":\"EntryPoint\",\"urlTemplate\":\"https:\\\/\\\/rnca.com.br\\\/?s={search_term_string}\"},\"query-input\":{\"@type\":\"PropertyValueSpecification\",\"valueRequired\":true,\"valueName\":\"search_term_string\"}}],\"inLanguage\":\"en-US\"}]}<\/script>\n<!-- \/ Yoast SEO plugin. -->","yoast_head_json":{"title":"[:pb]Assessoria M&A[:en]Post-M&A advisory[:] - Rio Novo","robots":{"index":"index","follow":"follow","max-snippet":"max-snippet:-1","max-image-preview":"max-image-preview:large","max-video-preview":"max-video-preview:-1"},"canonical":"https:\/\/rnca.com.br\/nossos-servicos\/assessoria-em-pre-e-pos-ma\/","og_locale":"en_US","og_type":"article","og_title":"[:pb]Assessoria M&A[:en]Post-M&A advisory[:] - Rio Novo","og_description":"[vc_row][vc_column][vc_column_text] Assessoria M&amp;A [\/vc_column_text][vc_separator color=&#8221;custom&#8221; align=&#8221;align_left&#8221; border_width=&#8221;2&#8243; el_width=&#8221;10&#8243; accent_color=&#8221;#cee244&#8243; css=&#8221;.vc_custom_1509542076595{margin-top: -25px !important;}&#8221;][vc_row_inner][vc_column_inner][vc_column_text] Oferecemos Assessoria em M&amp;A (Fus\u00f5es e Aquisi\u00e7\u00f5es)\u00a0para auxiliar sua empresa em todas as etapas de transa\u00e7\u00f5es estrat\u00e9gicas, desde a identifica\u00e7\u00e3o de oportunidades at\u00e9 a integra\u00e7\u00e3o p\u00f3s-neg\u00f3cio. Nossa equipe especializada atua com um enfoque personalizado, conduzindo an\u00e1lises detalhadas de valuation, due diligence, estrutura\u00e7\u00e3o de&hellip;","og_url":"https:\/\/rnca.com.br\/nossos-servicos\/assessoria-em-pre-e-pos-ma\/","og_site_name":"Rio Novo","article_modified_time":"2025-05-21T02:00:26+00:00","og_image":[{"url":"https:\/\/rnca.com.br\/wp-content\/uploads\/2017\/10\/logo-float.jpg","type":"","width":"","height":""}],"twitter_card":"summary_large_image","twitter_misc":{"Est. reading time":"2 minutes"},"schema":{"@context":"https:\/\/schema.org","@graph":[{"@type":"WebPage","@id":"https:\/\/rnca.com.br\/nossos-servicos\/assessoria-em-pre-e-pos-ma\/","url":"https:\/\/rnca.com.br\/nossos-servicos\/assessoria-em-pre-e-pos-ma\/","name":"[:pb]Assessoria M&A[:en]Post-M&A advisory[:] - Rio Novo","isPartOf":{"@id":"https:\/\/rnca.com.br\/#website"},"datePublished":"2017-11-01T14:31:37+00:00","dateModified":"2025-05-21T02:00:26+00:00","breadcrumb":{"@id":"https:\/\/rnca.com.br\/nossos-servicos\/assessoria-em-pre-e-pos-ma\/#breadcrumb"},"inLanguage":"en-US","potentialAction":[{"@type":"ReadAction","target":["https:\/\/rnca.com.br\/nossos-servicos\/assessoria-em-pre-e-pos-ma\/"]}]},{"@type":"BreadcrumbList","@id":"https:\/\/rnca.com.br\/nossos-servicos\/assessoria-em-pre-e-pos-ma\/#breadcrumb","itemListElement":[{"@type":"ListItem","position":1,"name":"In\u00edcio","item":"https:\/\/rnca.com.br\/"},{"@type":"ListItem","position":2,"name":"[:pb]Nossos Servi\u00e7os[:en]Our Services[:]","item":"https:\/\/rnca.com.br\/nossos-servicos\/"},{"@type":"ListItem","position":3,"name":"[:pb]Assessoria M&#038;A[:en]Post-M&#038;A advisory[:]"}]},{"@type":"WebSite","@id":"https:\/\/rnca.com.br\/#website","url":"https:\/\/rnca.com.br\/","name":"Rio Novo","description":"Auditoria. Consultoria. Tributos.","potentialAction":[{"@type":"SearchAction","target":{"@type":"EntryPoint","urlTemplate":"https:\/\/rnca.com.br\/?s={search_term_string}"},"query-input":{"@type":"PropertyValueSpecification","valueRequired":true,"valueName":"search_term_string"}}],"inLanguage":"en-US"}]}},"_links":{"self":[{"href":"https:\/\/rnca.com.br\/en\/wp-json\/wp\/v2\/pages\/157","targetHints":{"allow":["GET"]}}],"collection":[{"href":"https:\/\/rnca.com.br\/en\/wp-json\/wp\/v2\/pages"}],"about":[{"href":"https:\/\/rnca.com.br\/en\/wp-json\/wp\/v2\/types\/page"}],"author":[{"embeddable":true,"href":"https:\/\/rnca.com.br\/en\/wp-json\/wp\/v2\/users\/15"}],"replies":[{"embeddable":true,"href":"https:\/\/rnca.com.br\/en\/wp-json\/wp\/v2\/comments?post=157"}],"version-history":[{"count":11,"href":"https:\/\/rnca.com.br\/en\/wp-json\/wp\/v2\/pages\/157\/revisions"}],"predecessor-version":[{"id":1996,"href":"https:\/\/rnca.com.br\/en\/wp-json\/wp\/v2\/pages\/157\/revisions\/1996"}],"up":[{"embeddable":true,"href":"https:\/\/rnca.com.br\/en\/wp-json\/wp\/v2\/pages\/123"}],"wp:attachment":[{"href":"https:\/\/rnca.com.br\/en\/wp-json\/wp\/v2\/media?parent=157"}],"curies":[{"name":"wp","href":"https:\/\/api.w.org\/{rel}","templated":true}]}}