{"id":1725,"date":"2025-04-18T12:00:40","date_gmt":"2025-04-18T15:00:40","guid":{"rendered":"https:\/\/rnca.com.br\/?page_id=1725"},"modified":"2025-05-18T17:13:59","modified_gmt":"2025-05-18T20:13:59","slug":"missao-visao-e-valores","status":"publish","type":"page","link":"https:\/\/rnca.com.br\/en\/portugues-do-brasil-missao-visao-e-valores\/","title":{"rendered":"(Portugu\u00eas do Brasil) Miss\u00e3o, Vis\u00e3o e Valores"},"content":{"rendered":"<p>[vc_row][vc_column][vc_column_text]<\/p>\n<h2><strong>MISS\u00c3O<\/strong><\/h2>\n<p style=\"text-align: justify;\">Oferecemos solu\u00e7\u00f5es integradas em auditoria, consultoria e gest\u00e3o, unindo expertise t\u00e9cnica a uma abordagem humana e estrat\u00e9gica. Transformamos desafios em oportunidades sustent\u00e1veis, garantindo conformidade e efici\u00eancia enquanto cultivamos rela\u00e7\u00f5es transparentes, ambientes de trabalho inspiradores e pr\u00e1ticas respons\u00e1veis. Acreditamos em neg\u00f3cios que geram valor compartilhado, investindo no desenvolvimento de pessoas e no impacto positivo em toda nossa cadeia.<\/p>\n<p>&nbsp;<\/p>\n<h2><strong>VIS\u00c3O<\/strong><\/h2>\n<p style=\"text-align: justify;\">Ser reconhecida como a consultoria de refer\u00eancia no Brasil, unindo excel\u00eancia t\u00e9cnica e vis\u00e3o estrat\u00e9gica a relacionamentos humanos que transformam desafios em resultados. Queremos ser parceiros indispens\u00e1veis para nossos clientes e um ambiente inspirador para nossos talentos, antecipando tend\u00eancias e criando valor sustent\u00e1vel atrav\u00e9s da combina\u00e7\u00e3o \u00fanica de conhecimento especializado e conex\u00f5es genu\u00ednas.<\/p>\n<p>&nbsp;<\/p>\n<h2><strong>VALORES<\/strong><\/h2>\n<p><strong>Excel\u00eancia T\u00e9cnica Integrada<\/strong><\/p>\n<p style=\"text-align: justify;\">Unimos conhecimento especializado em auditoria, consultoria, M&amp;A e gest\u00e3o de riscos com uma vis\u00e3o multidisciplinar, aplicando as melhores pr\u00e1ticas do mercado para solu\u00e7\u00f5es precisas e completas.<\/p>\n<p>&nbsp;<\/p>\n<p><strong>\u00c9tica e Transpar\u00eancia<\/strong><\/p>\n<p style=\"text-align: justify;\">Agimos com integridade absoluta em cada projeto, garantindo confidencialidade, compliance e comunica\u00e7\u00e3o clara \u2013 bases para rela\u00e7\u00f5es de confian\u00e7a duradoura.<\/p>\n<p>&nbsp;<\/p>\n<p><strong>Resultados que Transformam<\/strong><\/p>\n<p style=\"text-align: justify;\">Entregamos impacto mensur\u00e1vel: da otimiza\u00e7\u00e3o tribut\u00e1ria \u00e0 gest\u00e3o de riscos, sempre com foco nas necessidades dos nossos clientes.<\/p>\n<p>&nbsp;<\/p>\n<p><strong>Parceria com Proximidade<\/strong><br \/>\nSomos extens\u00e3o da sua equipe. Atuamos lado a lado, com imers\u00e3o nos desafios do seu neg\u00f3cio para criar estrat\u00e9gias personalizadas.<\/p>\n<p>&nbsp;<\/p>\n<p><strong>Pessoas no Centro<\/strong><br \/>\nValorizamos nossos colaboradores e clientes como protagonistas. Investimos em desenvolvimento cont\u00ednuo e constru\u00edmos rela\u00e7\u00f5es que v\u00e3o al\u00e9m do servi\u00e7o.<\/p>\n<p>&nbsp;<\/p>\n<p><strong>Inova\u00e7\u00e3o Aplicada<\/strong><br \/>\nCombinamos nossa experi\u00eancia em compliance e auditoria com abordagens disruptivas, trazendo efici\u00eancia e vantagem competitiva para cada solu\u00e7\u00e3o.[\/vc_column_text][\/vc_column][\/vc_row]<\/p>\n","protected":false},"excerpt":{"rendered":"<p>[vc_row][vc_column][vc_column_text] MISS\u00c3O Oferecemos solu\u00e7\u00f5es integradas em auditoria, consultoria e gest\u00e3o, unindo expertise t\u00e9cnica a uma abordagem humana e estrat\u00e9gica. Transformamos desafios em oportunidades sustent\u00e1veis, garantindo conformidade e efici\u00eancia enquanto cultivamos rela\u00e7\u00f5es transparentes, ambientes de trabalho inspiradores e pr\u00e1ticas respons\u00e1veis. Acreditamos em neg\u00f3cios que geram valor compartilhado, investindo no desenvolvimento de pessoas e no impacto positivo&hellip;<\/p>\n","protected":false},"author":17,"featured_media":0,"parent":0,"menu_order":0,"comment_status":"closed","ping_status":"closed","template":"","meta":{"footnotes":""},"class_list":["post-1725","page","type-page","status-publish","hentry","description-off"],"yoast_head":"<!-- This site is optimized with the Yoast SEO plugin v27.4 - https:\/\/yoast.com\/product\/yoast-seo-wordpress\/ -->\n<title><\/title>\n<meta name=\"robots\" content=\"index, follow, max-snippet:-1, max-image-preview:large, max-video-preview:-1\" \/>\n<link rel=\"canonical\" href=\"https:\/\/rnca.com.br\/missao-visao-e-valores\/\" \/>\n<meta property=\"og:locale\" content=\"en_US\" \/>\n<meta property=\"og:type\" content=\"article\" \/>\n<meta property=\"og:title\" content=\"[:pb]Miss\u00e3o, Vis\u00e3o e Valores[:] - Rio Novo\" \/>\n<meta property=\"og:description\" content=\"[vc_row][vc_column][vc_column_text] MISS\u00c3O Oferecemos solu\u00e7\u00f5es integradas em auditoria, consultoria e gest\u00e3o, unindo expertise t\u00e9cnica a uma abordagem humana e estrat\u00e9gica. Transformamos desafios em oportunidades sustent\u00e1veis, garantindo conformidade e efici\u00eancia enquanto cultivamos rela\u00e7\u00f5es transparentes, ambientes de trabalho inspiradores e pr\u00e1ticas respons\u00e1veis. Acreditamos em neg\u00f3cios que geram valor compartilhado, investindo no desenvolvimento de pessoas e no impacto positivo&hellip;\" \/>\n<meta property=\"og:url\" content=\"https:\/\/rnca.com.br\/missao-visao-e-valores\/\" \/>\n<meta property=\"og:site_name\" content=\"Rio Novo\" \/>\n<meta property=\"article:modified_time\" content=\"2025-05-18T20:13:59+00:00\" \/>\n<meta property=\"og:image\" content=\"https:\/\/rnca.com.br\/wp-content\/uploads\/2017\/10\/logo-float.jpg\" \/>\n<meta name=\"twitter:card\" content=\"summary_large_image\" \/>\n<meta name=\"twitter:label1\" content=\"Est. reading time\" \/>\n\t<meta name=\"twitter:data1\" content=\"2 minutes\" \/>\n<script type=\"application\/ld+json\" class=\"yoast-schema-graph\">{\"@context\":\"https:\\\/\\\/schema.org\",\"@graph\":[{\"@type\":\"WebPage\",\"@id\":\"https:\\\/\\\/rnca.com.br\\\/missao-visao-e-valores\\\/\",\"url\":\"https:\\\/\\\/rnca.com.br\\\/missao-visao-e-valores\\\/\",\"name\":\"[:pb]Miss\u00e3o, Vis\u00e3o e Valores[:] - Rio Novo\",\"isPartOf\":{\"@id\":\"https:\\\/\\\/rnca.com.br\\\/#website\"},\"datePublished\":\"2025-04-18T15:00:40+00:00\",\"dateModified\":\"2025-05-18T20:13:59+00:00\",\"breadcrumb\":{\"@id\":\"https:\\\/\\\/rnca.com.br\\\/missao-visao-e-valores\\\/#breadcrumb\"},\"inLanguage\":\"en-US\",\"potentialAction\":[{\"@type\":\"ReadAction\",\"target\":[\"https:\\\/\\\/rnca.com.br\\\/missao-visao-e-valores\\\/\"]}]},{\"@type\":\"BreadcrumbList\",\"@id\":\"https:\\\/\\\/rnca.com.br\\\/missao-visao-e-valores\\\/#breadcrumb\",\"itemListElement\":[{\"@type\":\"ListItem\",\"position\":1,\"name\":\"In\u00edcio\",\"item\":\"https:\\\/\\\/rnca.com.br\\\/\"},{\"@type\":\"ListItem\",\"position\":2,\"name\":\"[:pb]Miss\u00e3o, Vis\u00e3o e Valores[:]\"}]},{\"@type\":\"WebSite\",\"@id\":\"https:\\\/\\\/rnca.com.br\\\/#website\",\"url\":\"https:\\\/\\\/rnca.com.br\\\/\",\"name\":\"Rio Novo\",\"description\":\"Auditoria. Consultoria. Tributos.\",\"potentialAction\":[{\"@type\":\"SearchAction\",\"target\":{\"@type\":\"EntryPoint\",\"urlTemplate\":\"https:\\\/\\\/rnca.com.br\\\/?s={search_term_string}\"},\"query-input\":{\"@type\":\"PropertyValueSpecification\",\"valueRequired\":true,\"valueName\":\"search_term_string\"}}],\"inLanguage\":\"en-US\"}]}<\/script>\n<!-- \/ Yoast SEO plugin. -->","yoast_head_json":{"title":"[:pb]Miss\u00e3o, Vis\u00e3o e Valores[:] - Rio Novo","robots":{"index":"index","follow":"follow","max-snippet":"max-snippet:-1","max-image-preview":"max-image-preview:large","max-video-preview":"max-video-preview:-1"},"canonical":"https:\/\/rnca.com.br\/missao-visao-e-valores\/","og_locale":"en_US","og_type":"article","og_title":"[:pb]Miss\u00e3o, Vis\u00e3o e Valores[:] - Rio Novo","og_description":"[vc_row][vc_column][vc_column_text] MISS\u00c3O Oferecemos solu\u00e7\u00f5es integradas em auditoria, consultoria e gest\u00e3o, unindo expertise t\u00e9cnica a uma abordagem humana e estrat\u00e9gica. Transformamos desafios em oportunidades sustent\u00e1veis, garantindo conformidade e efici\u00eancia enquanto cultivamos rela\u00e7\u00f5es transparentes, ambientes de trabalho inspiradores e pr\u00e1ticas respons\u00e1veis. Acreditamos em neg\u00f3cios que geram valor compartilhado, investindo no desenvolvimento de pessoas e no impacto positivo&hellip;","og_url":"https:\/\/rnca.com.br\/missao-visao-e-valores\/","og_site_name":"Rio Novo","article_modified_time":"2025-05-18T20:13:59+00:00","og_image":[{"url":"https:\/\/rnca.com.br\/wp-content\/uploads\/2017\/10\/logo-float.jpg","type":"","width":"","height":""}],"twitter_card":"summary_large_image","twitter_misc":{"Est. reading time":"2 minutes"},"schema":{"@context":"https:\/\/schema.org","@graph":[{"@type":"WebPage","@id":"https:\/\/rnca.com.br\/missao-visao-e-valores\/","url":"https:\/\/rnca.com.br\/missao-visao-e-valores\/","name":"[:pb]Miss\u00e3o, Vis\u00e3o e Valores[:] - Rio Novo","isPartOf":{"@id":"https:\/\/rnca.com.br\/#website"},"datePublished":"2025-04-18T15:00:40+00:00","dateModified":"2025-05-18T20:13:59+00:00","breadcrumb":{"@id":"https:\/\/rnca.com.br\/missao-visao-e-valores\/#breadcrumb"},"inLanguage":"en-US","potentialAction":[{"@type":"ReadAction","target":["https:\/\/rnca.com.br\/missao-visao-e-valores\/"]}]},{"@type":"BreadcrumbList","@id":"https:\/\/rnca.com.br\/missao-visao-e-valores\/#breadcrumb","itemListElement":[{"@type":"ListItem","position":1,"name":"In\u00edcio","item":"https:\/\/rnca.com.br\/"},{"@type":"ListItem","position":2,"name":"[:pb]Miss\u00e3o, Vis\u00e3o e Valores[:]"}]},{"@type":"WebSite","@id":"https:\/\/rnca.com.br\/#website","url":"https:\/\/rnca.com.br\/","name":"Rio Novo","description":"Auditoria. Consultoria. Tributos.","potentialAction":[{"@type":"SearchAction","target":{"@type":"EntryPoint","urlTemplate":"https:\/\/rnca.com.br\/?s={search_term_string}"},"query-input":{"@type":"PropertyValueSpecification","valueRequired":true,"valueName":"search_term_string"}}],"inLanguage":"en-US"}]}},"_links":{"self":[{"href":"https:\/\/rnca.com.br\/en\/wp-json\/wp\/v2\/pages\/1725","targetHints":{"allow":["GET"]}}],"collection":[{"href":"https:\/\/rnca.com.br\/en\/wp-json\/wp\/v2\/pages"}],"about":[{"href":"https:\/\/rnca.com.br\/en\/wp-json\/wp\/v2\/types\/page"}],"author":[{"embeddable":true,"href":"https:\/\/rnca.com.br\/en\/wp-json\/wp\/v2\/users\/17"}],"replies":[{"embeddable":true,"href":"https:\/\/rnca.com.br\/en\/wp-json\/wp\/v2\/comments?post=1725"}],"version-history":[{"count":21,"href":"https:\/\/rnca.com.br\/en\/wp-json\/wp\/v2\/pages\/1725\/revisions"}],"predecessor-version":[{"id":1960,"href":"https:\/\/rnca.com.br\/en\/wp-json\/wp\/v2\/pages\/1725\/revisions\/1960"}],"wp:attachment":[{"href":"https:\/\/rnca.com.br\/en\/wp-json\/wp\/v2\/media?parent=1725"}],"curies":[{"name":"wp","href":"https:\/\/api.w.org\/{rel}","templated":true}]}}