{"id":260,"date":"2017-11-10T17:07:39","date_gmt":"2017-11-10T19:07:39","guid":{"rendered":"http:\/\/www.rncassociados.com.br\/?page_id=260"},"modified":"2025-05-29T20:37:51","modified_gmt":"2025-05-29T23:37:51","slug":"conheca-a-rio-novo","status":"publish","type":"page","link":"https:\/\/rnca.com.br\/en\/know-rio-novo\/","title":{"rendered":"Get to know Rio Novo"},"content":{"rendered":"<p>[vc_row equal_height=&#8221;yes&#8221; content_placement=&#8221;top&#8221;][vc_column][vc_column_text]<\/p>\n<h2>Conhe\u00e7a a Rio Novo<\/h2>\n<p>[\/vc_column_text][\/vc_column][\/vc_row][vc_row equal_height=&#8221;yes&#8221; content_placement=&#8221;top&#8221;][vc_column width=&#8221;2\/3&#8243;][vc_row_inner][vc_column_inner][vc_single_image image=&#8221;2004&#8243; img_size=&#8221;800&#215;536&#8243; add_caption=&#8221;yes&#8221; alignment=&#8221;center&#8221; css=&#8221;.vc_custom_1747856754753{margin-bottom: 10px !important;}&#8221;][vc_column_text]<\/p>\n<h6>Cr\u00e9dito da imagem: Jalap\u00e3o_Emerson Silva_Governo do Tocantins.<\/h6>\n<p>&nbsp;<\/p>\n<p style=\"text-align: justify;\">Nas margens do Rio Novo, em Tocantins, correm as \u00e1guas mais cristalinas do Brasil \u2014 l\u00edmpidas, transparentes e em constante movimento. Foi dessa pureza e for\u00e7a que nasceu a\u00a0Rio Novo, fundada por\u00a0S\u00e9rgio Kubiak e Dennis Terassi\u00a0com um prop\u00f3sito claro:\u00a0<strong>levar para o mundo dos neg\u00f3cios a clareza, a fluidez e a resili\u00eancia desse rio que inspira nosso nome<\/strong>.<\/p>\n<p style=\"text-align: justify;\">Assim como as \u00e1guas do Rio Novo percorrem terras e se renovam sem perder sua ess\u00eancia, n\u00f3s atuamos em S\u00e3o Paulo, pelo Brasil e al\u00e9m das fronteiras, guiando empresas por um fluxo seguro de transforma\u00e7\u00e3o.<\/p>\n<p>[\/vc_column_text][vc_column_text css=&#8221;.vc_custom_1748379364130{margin-bottom: 25px !important;padding-top: 20px !important;padding-right: 15px !important;padding-bottom: 20px !important;padding-left: 15px !important;background-color: #d0db52 !important;}&#8221;]<\/p>\n<p style=\"font-size: 22px;\">Nossa atua\u00e7\u00e3o reflete a natureza do rio:<\/p>\n<p><strong>Transpar\u00eancia que inspira confian\u00e7a<\/strong><\/p>\n<p style=\"text-align: justify;\">Como as \u00e1guas cristalinas, trabalhamos com\u00a0<strong>\u00e9tica e clareza<\/strong>, tornando complexidade em solu\u00e7\u00f5es compreens\u00edveis.<\/p>\n<p>&nbsp;<\/p>\n<p><strong>For\u00e7a que abre caminhos<\/strong><\/p>\n<p style=\"text-align: justify;\">Assim como o rio supera obst\u00e1culos sem perder seu curso, ajudamos nossos clientes a\u00a0navegar por riscos e oportunidades\u00a0com estrat\u00e9gias precisas.<\/p>\n<p>&nbsp;<\/p>\n<p><strong>Da nascente para o oceano<\/strong><\/p>\n<p style=\"text-align: justify;\">De S\u00e3o Paulo ao mundo, nossa expertise flui por diferentes setores, culturas e desafios, sempre com\u00a0agilidade e vis\u00e3o multidisciplinar.<\/p>\n<p>&nbsp;<\/p>\n<p><strong>Um Rio que Une<\/strong><\/p>\n<p style=\"text-align: justify;\">Assim como as \u00e1guas do Rio Novo conectam ecossistemas, n\u00f3s conectamos:<\/p>\n<ul>\n<li>Tradi\u00e7\u00e3o e inova\u00e7\u00e3o<\/li>\n<li>Rigor t\u00e9cnico e vis\u00e3o estrat\u00e9gica<\/li>\n<li>Neg\u00f3cios locais a oportunidades globais<\/li>\n<\/ul>\n<p>&nbsp;<\/p>\n<p style=\"text-align: justify;\">Hoje, seguimos escrevendo essa hist\u00f3ria.\u00a0<strong>\u00c1gua pura para neg\u00f3cios s\u00f3lidos.<\/strong><\/p>\n<p>[\/vc_column_text][vc_column_text]<\/p>\n<p style=\"text-align: justify;\"><strong>Nosso s\u00edmbolo<\/strong> \u2014 o marca-texto da nossa logo \u2014 n\u00e3o \u00e9 um acaso. Ele representa o que fazemos:\u00a0<strong>destacar o essencial<\/strong>, seja em um balan\u00e7o, em uma opera\u00e7\u00e3o ou na constru\u00e7\u00e3o de um legado.<\/p>\n<p>&nbsp;<\/p>\n<h3><strong>Nossas depend\u00eancias<\/strong><\/h3>\n<p>[\/vc_column_text][\/vc_column_inner][\/vc_row_inner][vc_row_inner][vc_column_inner width=&#8221;1\/2&#8243;][vc_single_image image=&#8221;2054&#8243; img_size=&#8221;full&#8221; onclick=&#8221;link_image&#8221;][\/vc_column_inner][vc_column_inner width=&#8221;1\/2&#8243;][vc_single_image image=&#8221;2056&#8243; img_size=&#8221;full&#8221; onclick=&#8221;link_image&#8221;][\/vc_column_inner][\/vc_row_inner][vc_row_inner][vc_column_inner width=&#8221;1\/2&#8243;][vc_single_image image=&#8221;2055&#8243; img_size=&#8221;full&#8221; onclick=&#8221;link_image&#8221;][\/vc_column_inner][vc_column_inner width=&#8221;1\/2&#8243;][vc_single_image image=&#8221;2058&#8243; img_size=&#8221;full&#8221; onclick=&#8221;link_image&#8221;][\/vc_column_inner][\/vc_row_inner][vc_row_inner][vc_column_inner width=&#8221;1\/2&#8243;][vc_single_image image=&#8221;2057&#8243; img_size=&#8221;full&#8221; onclick=&#8221;link_image&#8221;][\/vc_column_inner][vc_column_inner width=&#8221;1\/2&#8243;][\/vc_column_inner][\/vc_row_inner][\/vc_column][vc_column width=&#8221;1\/3&#8243;][\/vc_column][vc_column][\/vc_column][vc_column][\/vc_column][vc_column][\/vc_column][\/vc_row]<\/p>\n","protected":false},"excerpt":{"rendered":"<p>[vc_row equal_height=&#8221;yes&#8221; content_placement=&#8221;top&#8221;][vc_column][vc_column_text] Conhe\u00e7a a Rio Novo [\/vc_column_text][\/vc_column][\/vc_row][vc_row equal_height=&#8221;yes&#8221; content_placement=&#8221;top&#8221;][vc_column width=&#8221;2\/3&#8243;][vc_row_inner][vc_column_inner][vc_single_image image=&#8221;2004&#8243; img_size=&#8221;800&#215;536&#8243; add_caption=&#8221;yes&#8221; alignment=&#8221;center&#8221; css=&#8221;.vc_custom_1747856754753{margin-bottom: 10px !important;}&#8221;][vc_column_text] Cr\u00e9dito da imagem: Jalap\u00e3o_Emerson Silva_Governo do Tocantins. &nbsp; Nas margens do Rio Novo, em Tocantins, correm as \u00e1guas mais cristalinas do Brasil \u2014 l\u00edmpidas, transparentes e em constante movimento. Foi dessa pureza e for\u00e7a que nasceu a\u00a0Rio&hellip;<\/p>\n","protected":false},"author":15,"featured_media":0,"parent":0,"menu_order":0,"comment_status":"closed","ping_status":"closed","template":"","meta":{"footnotes":""},"class_list":["post-260","page","type-page","status-publish","hentry","description-off"],"yoast_head":"<!-- This site is optimized with the Yoast SEO plugin v27.6 - https:\/\/yoast.com\/product\/yoast-seo-wordpress\/ -->\n<title>Get to know Rio Novo - Rio Novo<\/title>\n<meta name=\"robots\" content=\"index, follow, max-snippet:-1, max-image-preview:large, max-video-preview:-1\" \/>\n<link rel=\"canonical\" href=\"https:\/\/rnca.com.br\/conheca-a-rio-novo\/\" \/>\n<meta property=\"og:locale\" content=\"en_US\" \/>\n<meta property=\"og:type\" content=\"article\" \/>\n<meta property=\"og:title\" content=\"[:pb]Conhe\u00e7a a Rio Novo[:en]Get to know Rio Novo[:] - Rio Novo\" \/>\n<meta property=\"og:description\" content=\"[vc_row equal_height=&#8221;yes&#8221; content_placement=&#8221;top&#8221;][vc_column][vc_column_text] Conhe\u00e7a a Rio Novo [\/vc_column_text][\/vc_column][\/vc_row][vc_row equal_height=&#8221;yes&#8221; content_placement=&#8221;top&#8221;][vc_column width=&#8221;2\/3&#8243;][vc_row_inner][vc_column_inner][vc_single_image image=&#8221;2004&#8243; img_size=&#8221;800&#215;536&#8243; add_caption=&#8221;yes&#8221; alignment=&#8221;center&#8221; css=&#8221;.vc_custom_1747856754753{margin-bottom: 10px !important;}&#8221;][vc_column_text] Cr\u00e9dito da imagem: Jalap\u00e3o_Emerson Silva_Governo do Tocantins. &nbsp; Nas margens do Rio Novo, em Tocantins, correm as \u00e1guas mais cristalinas do Brasil \u2014 l\u00edmpidas, transparentes e em constante movimento. Foi dessa pureza e for\u00e7a que nasceu a\u00a0Rio&hellip;\" \/>\n<meta property=\"og:url\" content=\"https:\/\/rnca.com.br\/conheca-a-rio-novo\/\" \/>\n<meta property=\"og:site_name\" content=\"Rio Novo\" \/>\n<meta property=\"article:modified_time\" content=\"2025-05-29T23:37:51+00:00\" \/>\n<meta property=\"og:image\" content=\"https:\/\/rnca.com.br\/wp-content\/uploads\/2017\/10\/logo-float.jpg\" \/>\n<meta name=\"twitter:card\" content=\"summary_large_image\" \/>\n<meta name=\"twitter:label1\" content=\"Est. reading time\" \/>\n\t<meta name=\"twitter:data1\" content=\"3 minutes\" \/>\n<script type=\"application\/ld+json\" class=\"yoast-schema-graph\">{\"@context\":\"https:\\\/\\\/schema.org\",\"@graph\":[{\"@type\":\"WebPage\",\"@id\":\"https:\\\/\\\/rnca.com.br\\\/conheca-a-rio-novo\\\/\",\"url\":\"https:\\\/\\\/rnca.com.br\\\/conheca-a-rio-novo\\\/\",\"name\":\"[:pb]Conhe\u00e7a a Rio Novo[:en]Get to know Rio Novo[:] - Rio Novo\",\"isPartOf\":{\"@id\":\"https:\\\/\\\/rnca.com.br\\\/#website\"},\"datePublished\":\"2017-11-10T19:07:39+00:00\",\"dateModified\":\"2025-05-29T23:37:51+00:00\",\"breadcrumb\":{\"@id\":\"https:\\\/\\\/rnca.com.br\\\/conheca-a-rio-novo\\\/#breadcrumb\"},\"inLanguage\":\"en-US\",\"potentialAction\":[{\"@type\":\"ReadAction\",\"target\":[\"https:\\\/\\\/rnca.com.br\\\/conheca-a-rio-novo\\\/\"]}]},{\"@type\":\"BreadcrumbList\",\"@id\":\"https:\\\/\\\/rnca.com.br\\\/conheca-a-rio-novo\\\/#breadcrumb\",\"itemListElement\":[{\"@type\":\"ListItem\",\"position\":1,\"name\":\"In\u00edcio\",\"item\":\"https:\\\/\\\/rnca.com.br\\\/\"},{\"@type\":\"ListItem\",\"position\":2,\"name\":\"[:pb]Conhe\u00e7a a Rio Novo[:en]Get to know Rio Novo[:]\"}]},{\"@type\":\"WebSite\",\"@id\":\"https:\\\/\\\/rnca.com.br\\\/#website\",\"url\":\"https:\\\/\\\/rnca.com.br\\\/\",\"name\":\"Rio Novo\",\"description\":\"Auditoria. Consultoria. Tributos.\",\"potentialAction\":[{\"@type\":\"SearchAction\",\"target\":{\"@type\":\"EntryPoint\",\"urlTemplate\":\"https:\\\/\\\/rnca.com.br\\\/?s={search_term_string}\"},\"query-input\":{\"@type\":\"PropertyValueSpecification\",\"valueRequired\":true,\"valueName\":\"search_term_string\"}}],\"inLanguage\":\"en-US\"}]}<\/script>\n<!-- \/ Yoast SEO plugin. -->","yoast_head_json":{"title":"[:pb]Conhe\u00e7a a Rio Novo[:en]Get to know Rio Novo[:] - Rio Novo","robots":{"index":"index","follow":"follow","max-snippet":"max-snippet:-1","max-image-preview":"max-image-preview:large","max-video-preview":"max-video-preview:-1"},"canonical":"https:\/\/rnca.com.br\/conheca-a-rio-novo\/","og_locale":"en_US","og_type":"article","og_title":"[:pb]Conhe\u00e7a a Rio Novo[:en]Get to know Rio Novo[:] - Rio Novo","og_description":"[vc_row equal_height=&#8221;yes&#8221; content_placement=&#8221;top&#8221;][vc_column][vc_column_text] Conhe\u00e7a a Rio Novo [\/vc_column_text][\/vc_column][\/vc_row][vc_row equal_height=&#8221;yes&#8221; content_placement=&#8221;top&#8221;][vc_column width=&#8221;2\/3&#8243;][vc_row_inner][vc_column_inner][vc_single_image image=&#8221;2004&#8243; img_size=&#8221;800&#215;536&#8243; add_caption=&#8221;yes&#8221; alignment=&#8221;center&#8221; css=&#8221;.vc_custom_1747856754753{margin-bottom: 10px !important;}&#8221;][vc_column_text] Cr\u00e9dito da imagem: Jalap\u00e3o_Emerson Silva_Governo do Tocantins. &nbsp; Nas margens do Rio Novo, em Tocantins, correm as \u00e1guas mais cristalinas do Brasil \u2014 l\u00edmpidas, transparentes e em constante movimento. Foi dessa pureza e for\u00e7a que nasceu a\u00a0Rio&hellip;","og_url":"https:\/\/rnca.com.br\/conheca-a-rio-novo\/","og_site_name":"Rio Novo","article_modified_time":"2025-05-29T23:37:51+00:00","og_image":[{"url":"https:\/\/rnca.com.br\/wp-content\/uploads\/2017\/10\/logo-float.jpg","type":"","width":"","height":""}],"twitter_card":"summary_large_image","twitter_misc":{"Est. reading time":"3 minutes"},"schema":{"@context":"https:\/\/schema.org","@graph":[{"@type":"WebPage","@id":"https:\/\/rnca.com.br\/conheca-a-rio-novo\/","url":"https:\/\/rnca.com.br\/conheca-a-rio-novo\/","name":"[:pb]Conhe\u00e7a a Rio Novo[:en]Get to know Rio Novo[:] - Rio Novo","isPartOf":{"@id":"https:\/\/rnca.com.br\/#website"},"datePublished":"2017-11-10T19:07:39+00:00","dateModified":"2025-05-29T23:37:51+00:00","breadcrumb":{"@id":"https:\/\/rnca.com.br\/conheca-a-rio-novo\/#breadcrumb"},"inLanguage":"en-US","potentialAction":[{"@type":"ReadAction","target":["https:\/\/rnca.com.br\/conheca-a-rio-novo\/"]}]},{"@type":"BreadcrumbList","@id":"https:\/\/rnca.com.br\/conheca-a-rio-novo\/#breadcrumb","itemListElement":[{"@type":"ListItem","position":1,"name":"In\u00edcio","item":"https:\/\/rnca.com.br\/"},{"@type":"ListItem","position":2,"name":"[:pb]Conhe\u00e7a a Rio Novo[:en]Get to know Rio Novo[:]"}]},{"@type":"WebSite","@id":"https:\/\/rnca.com.br\/#website","url":"https:\/\/rnca.com.br\/","name":"Rio Novo","description":"Auditoria. Consultoria. Tributos.","potentialAction":[{"@type":"SearchAction","target":{"@type":"EntryPoint","urlTemplate":"https:\/\/rnca.com.br\/?s={search_term_string}"},"query-input":{"@type":"PropertyValueSpecification","valueRequired":true,"valueName":"search_term_string"}}],"inLanguage":"en-US"}]}},"_links":{"self":[{"href":"https:\/\/rnca.com.br\/en\/wp-json\/wp\/v2\/pages\/260","targetHints":{"allow":["GET"]}}],"collection":[{"href":"https:\/\/rnca.com.br\/en\/wp-json\/wp\/v2\/pages"}],"about":[{"href":"https:\/\/rnca.com.br\/en\/wp-json\/wp\/v2\/types\/page"}],"author":[{"embeddable":true,"href":"https:\/\/rnca.com.br\/en\/wp-json\/wp\/v2\/users\/15"}],"replies":[{"embeddable":true,"href":"https:\/\/rnca.com.br\/en\/wp-json\/wp\/v2\/comments?post=260"}],"version-history":[{"count":47,"href":"https:\/\/rnca.com.br\/en\/wp-json\/wp\/v2\/pages\/260\/revisions"}],"predecessor-version":[{"id":2059,"href":"https:\/\/rnca.com.br\/en\/wp-json\/wp\/v2\/pages\/260\/revisions\/2059"}],"wp:attachment":[{"href":"https:\/\/rnca.com.br\/en\/wp-json\/wp\/v2\/media?parent=260"}],"curies":[{"name":"wp","href":"https:\/\/api.w.org\/{rel}","templated":true}]}}