{"id":76,"date":"2017-11-01T01:39:20","date_gmt":"2017-11-01T03:39:20","guid":{"rendered":"http:\/\/www.rncassociados.com.br\/?page_id=76"},"modified":"2025-06-12T11:55:52","modified_gmt":"2025-06-12T14:55:52","slug":"nossa-abordagem","status":"publish","type":"page","link":"https:\/\/rnca.com.br\/en\/our-approuch\/","title":{"rendered":"Our Approuch"},"content":{"rendered":"<p><\/p>\n<p>[vc_row][vc_column][vc_column_text]<\/p>\n<h2>A ABORDAGEM RIO NOVO<\/h2>\n<p>[\/vc_column_text][\/vc_column][\/vc_row][vc_row][vc_column width=&#8221;2\/3&#8243;][vc_column_text]<\/p>\n<p style=\"text-align: justify;\">\nNa Rio Novo, unimos\u00a0experi\u00eancia de elite\u00a0\u00e0\u00a0<strong>agilidade estrat\u00e9gica<\/strong>.<\/p>\n<p style=\"text-align: justify;\">Nossa hist\u00f3ria come\u00e7a com a uni\u00e3o de executivos que acumulam mais de 30 anos nas principais consultorias e auditorias do Brasil e do mundo \u2013 conhecimento que agora est\u00e1 \u00e0 disposi\u00e7\u00e3o do seu neg\u00f3cio.<\/p>\n<p>[\/vc_column_text][vc_single_image image=&#8221;1678&#8243; img_size=&#8221;full&#8221;][\/vc_column][vc_column width=&#8221;1\/3&#8243;][vc_column_text css=&#8221;.vc_custom_1747081404187{padding-top: 35px !important;padding-right: 35px !important;padding-bottom: 35px !important;padding-left: 35px !important;background-color: #ababab !important;}&#8221; el_class=&#8221;white-text&#8221;]<\/p>\n<p style=\"text-align:justify;\">\n<h4>NOSSA ABORDAGEM<br \/>\n\u00c9 PR\u00d3 NEG\u00d3CIOS:<br \/>\no foco principal<br \/>\nest\u00e1 em atender o cliente<br \/>\ncom postura \u00e9tica,<br \/>\ncriteriosa e transparente.<\/h4>\n<p>[\/vc_column_text][\/vc_column][\/vc_row][vc_row][vc_column][vc_column_text]<\/p>\n<p style=\"font-size: 22px;\"><strong>Por que nos escolher?<\/strong><\/p>\n<p><strong>Expertise comprovada: <\/strong>Cada projeto \u00e9 liderado por especialistas s\u00eaniores, que atuam como\u00a0verdadeiros parceiros\u00a0\u2013 pr\u00f3ximos, proativos e com vis\u00e3o de mercado.<\/p>\n<p><strong>Excel\u00eancia t\u00e9cnica: <\/strong>Rigor metodol\u00f3gico aliado a solu\u00e7\u00f5es \u00e1geis e personalizadas.<\/p>\n<p style=\"text-align: justify;\"><strong>Abordagem integrada: <\/strong>Atuamos de forma multidisciplinar para cobrir todas as necessidades do seu neg\u00f3cio com assertividade.<\/p>\n<p>&nbsp;<\/p>\n<p style=\"font-size: 22px;\"><strong>Por que nossa metodologia funciona:<\/strong><\/p>\n<p style=\"text-align: justify;\"><strong>Foco no cliente<\/strong>\u00a0&#8211; Entendemos suas necessidades profundamente para oferecer solu\u00e7\u00f5es personalizadas.<\/p>\n<p style=\"text-align: justify;\"><strong>Excel\u00eancia com \u00e9tica<\/strong>\u00a0&#8211; Atuamos com transpar\u00eancia e postura inquestion\u00e1vel em todos os projetos.<\/p>\n<p style=\"text-align: justify;\"><strong>Vis\u00e3o 360\u00b0<\/strong>\u00a0&#8211; Avaliamos cada desafio sob m\u00faltiplas perspectivas para garantir decis\u00f5es seguras.<\/p>\n<p>&nbsp;<\/p>\n<p style=\"font-size: 22px;\"><strong>Como fazemos:<\/strong><\/p>\n<p style=\"text-align: justify;\"><strong>Diagn\u00f3stico preciso<\/strong>\u00a0&#8211; An\u00e1lise criteriosa da situa\u00e7\u00e3o atual.<\/p>\n<p style=\"text-align: justify;\"><strong>Plano de a\u00e7\u00e3o customizado<\/strong>\u00a0&#8211; Solu\u00e7\u00f5es adaptadas \u00e0 realidade do seu neg\u00f3cio.<\/p>\n<p style=\"text-align: justify;\"><strong>Acompanhamento pr\u00f3ximo<\/strong>\u00a0&#8211; Implementa\u00e7\u00e3o com monitoramento cont\u00ednuo.<\/p>\n<p>&nbsp;<\/p>\n<p>&nbsp;<\/p>\n<p style=\"font-size: 22px;\"><strong>Resultado: <\/strong><\/p>\n<p style=\"text-align: justify;\">Solu\u00e7\u00f5es completas, desde a identifica\u00e7\u00e3o de desafios at\u00e9 a implementa\u00e7\u00e3o de melhorias \u2013 sempre com o\u00a0olhar criterioso de quem j\u00e1 viu e resolveu os mais complexos cen\u00e1rios empresariais.<\/p>\n<p>[\/vc_column_text][\/vc_column][\/vc_row]<\/p>\n<p><\/p>","protected":false},"excerpt":{"rendered":"<p>[vc_row][vc_column][vc_column_text] A ABORDAGEM RIO NOVO [\/vc_column_text][\/vc_column][\/vc_row][vc_row][vc_column width=&#8221;2\/3&#8243;][vc_column_text] Na Rio Novo, unimos\u00a0experi\u00eancia de elite\u00a0\u00e0\u00a0agilidade estrat\u00e9gica. Nossa hist\u00f3ria come\u00e7a com a uni\u00e3o de executivos que acumulam mais de 30 anos nas principais consultorias e auditorias do Brasil e do mundo \u2013 conhecimento que agora est\u00e1 \u00e0 disposi\u00e7\u00e3o do seu neg\u00f3cio. [\/vc_column_text][vc_single_image image=&#8221;1678&#8243; img_size=&#8221;full&#8221;][\/vc_column][vc_column width=&#8221;1\/3&#8243;][vc_column_text css=&#8221;.vc_custom_1747081404187{padding-top: 35px !important;padding-right:&hellip;<\/p>\n","protected":false},"author":15,"featured_media":0,"parent":0,"menu_order":0,"comment_status":"closed","ping_status":"closed","template":"","meta":{"footnotes":""},"class_list":["post-76","page","type-page","status-publish","hentry","description-off"],"yoast_head":"<!-- This site is optimized with the Yoast SEO plugin v27.6 - https:\/\/yoast.com\/product\/yoast-seo-wordpress\/ -->\n<title>Our Approuch - Rio Novo<\/title>\n<meta name=\"robots\" content=\"index, follow, max-snippet:-1, max-image-preview:large, max-video-preview:-1\" \/>\n<link rel=\"canonical\" href=\"https:\/\/rnca.com.br\/nossa-abordagem\/\" \/>\n<meta property=\"og:locale\" content=\"en_US\" \/>\n<meta property=\"og:type\" content=\"article\" \/>\n<meta property=\"og:title\" content=\"[:pb]Nossa Abordagem[:en]Our Approuch[:] - Rio Novo\" \/>\n<meta property=\"og:description\" content=\"[vc_row][vc_column][vc_column_text] A ABORDAGEM RIO NOVO [\/vc_column_text][\/vc_column][\/vc_row][vc_row][vc_column width=&#8221;2\/3&#8243;][vc_column_text] Na Rio Novo, unimos\u00a0experi\u00eancia de elite\u00a0\u00e0\u00a0agilidade estrat\u00e9gica. Nossa hist\u00f3ria come\u00e7a com a uni\u00e3o de executivos que acumulam mais de 30 anos nas principais consultorias e auditorias do Brasil e do mundo \u2013 conhecimento que agora est\u00e1 \u00e0 disposi\u00e7\u00e3o do seu neg\u00f3cio. [\/vc_column_text][vc_single_image image=&#8221;1678&#8243; img_size=&#8221;full&#8221;][\/vc_column][vc_column width=&#8221;1\/3&#8243;][vc_column_text css=&#8221;.vc_custom_1747081404187{padding-top: 35px !important;padding-right:&hellip;\" \/>\n<meta property=\"og:url\" content=\"https:\/\/rnca.com.br\/nossa-abordagem\/\" \/>\n<meta property=\"og:site_name\" content=\"Rio Novo\" \/>\n<meta property=\"article:modified_time\" content=\"2025-06-12T14:55:52+00:00\" \/>\n<meta property=\"og:image\" content=\"https:\/\/rnca.com.br\/wp-content\/uploads\/2017\/10\/logo-float.jpg\" \/>\n<meta name=\"twitter:card\" content=\"summary_large_image\" \/>\n<meta name=\"twitter:label1\" content=\"Est. reading time\" \/>\n\t<meta name=\"twitter:data1\" content=\"2 minutes\" \/>\n<script type=\"application\/ld+json\" class=\"yoast-schema-graph\">{\"@context\":\"https:\\\/\\\/schema.org\",\"@graph\":[{\"@type\":\"WebPage\",\"@id\":\"https:\\\/\\\/rnca.com.br\\\/nossa-abordagem\\\/\",\"url\":\"https:\\\/\\\/rnca.com.br\\\/nossa-abordagem\\\/\",\"name\":\"[:pb]Nossa Abordagem[:en]Our Approuch[:] - Rio Novo\",\"isPartOf\":{\"@id\":\"https:\\\/\\\/rnca.com.br\\\/#website\"},\"datePublished\":\"2017-11-01T03:39:20+00:00\",\"dateModified\":\"2025-06-12T14:55:52+00:00\",\"breadcrumb\":{\"@id\":\"https:\\\/\\\/rnca.com.br\\\/nossa-abordagem\\\/#breadcrumb\"},\"inLanguage\":\"en-US\",\"potentialAction\":[{\"@type\":\"ReadAction\",\"target\":[\"https:\\\/\\\/rnca.com.br\\\/nossa-abordagem\\\/\"]}]},{\"@type\":\"BreadcrumbList\",\"@id\":\"https:\\\/\\\/rnca.com.br\\\/nossa-abordagem\\\/#breadcrumb\",\"itemListElement\":[{\"@type\":\"ListItem\",\"position\":1,\"name\":\"In\u00edcio\",\"item\":\"https:\\\/\\\/rnca.com.br\\\/\"},{\"@type\":\"ListItem\",\"position\":2,\"name\":\"Nossa Abordagem\"}]},{\"@type\":\"WebSite\",\"@id\":\"https:\\\/\\\/rnca.com.br\\\/#website\",\"url\":\"https:\\\/\\\/rnca.com.br\\\/\",\"name\":\"Rio Novo\",\"description\":\"Auditoria. Consultoria. Tributos.\",\"potentialAction\":[{\"@type\":\"SearchAction\",\"target\":{\"@type\":\"EntryPoint\",\"urlTemplate\":\"https:\\\/\\\/rnca.com.br\\\/?s={search_term_string}\"},\"query-input\":{\"@type\":\"PropertyValueSpecification\",\"valueRequired\":true,\"valueName\":\"search_term_string\"}}],\"inLanguage\":\"en-US\"}]}<\/script>\n<!-- \/ Yoast SEO plugin. -->","yoast_head_json":{"title":"[:pb]Nossa Abordagem[:en]Our Approuch[:] - Rio Novo","robots":{"index":"index","follow":"follow","max-snippet":"max-snippet:-1","max-image-preview":"max-image-preview:large","max-video-preview":"max-video-preview:-1"},"canonical":"https:\/\/rnca.com.br\/nossa-abordagem\/","og_locale":"en_US","og_type":"article","og_title":"[:pb]Nossa Abordagem[:en]Our Approuch[:] - Rio Novo","og_description":"[vc_row][vc_column][vc_column_text] A ABORDAGEM RIO NOVO [\/vc_column_text][\/vc_column][\/vc_row][vc_row][vc_column width=&#8221;2\/3&#8243;][vc_column_text] Na Rio Novo, unimos\u00a0experi\u00eancia de elite\u00a0\u00e0\u00a0agilidade estrat\u00e9gica. Nossa hist\u00f3ria come\u00e7a com a uni\u00e3o de executivos que acumulam mais de 30 anos nas principais consultorias e auditorias do Brasil e do mundo \u2013 conhecimento que agora est\u00e1 \u00e0 disposi\u00e7\u00e3o do seu neg\u00f3cio. [\/vc_column_text][vc_single_image image=&#8221;1678&#8243; img_size=&#8221;full&#8221;][\/vc_column][vc_column width=&#8221;1\/3&#8243;][vc_column_text css=&#8221;.vc_custom_1747081404187{padding-top: 35px !important;padding-right:&hellip;","og_url":"https:\/\/rnca.com.br\/nossa-abordagem\/","og_site_name":"Rio Novo","article_modified_time":"2025-06-12T14:55:52+00:00","og_image":[{"url":"https:\/\/rnca.com.br\/wp-content\/uploads\/2017\/10\/logo-float.jpg","type":"","width":"","height":""}],"twitter_card":"summary_large_image","twitter_misc":{"Est. reading time":"2 minutes"},"schema":{"@context":"https:\/\/schema.org","@graph":[{"@type":"WebPage","@id":"https:\/\/rnca.com.br\/nossa-abordagem\/","url":"https:\/\/rnca.com.br\/nossa-abordagem\/","name":"[:pb]Nossa Abordagem[:en]Our Approuch[:] - Rio Novo","isPartOf":{"@id":"https:\/\/rnca.com.br\/#website"},"datePublished":"2017-11-01T03:39:20+00:00","dateModified":"2025-06-12T14:55:52+00:00","breadcrumb":{"@id":"https:\/\/rnca.com.br\/nossa-abordagem\/#breadcrumb"},"inLanguage":"en-US","potentialAction":[{"@type":"ReadAction","target":["https:\/\/rnca.com.br\/nossa-abordagem\/"]}]},{"@type":"BreadcrumbList","@id":"https:\/\/rnca.com.br\/nossa-abordagem\/#breadcrumb","itemListElement":[{"@type":"ListItem","position":1,"name":"In\u00edcio","item":"https:\/\/rnca.com.br\/"},{"@type":"ListItem","position":2,"name":"Nossa Abordagem"}]},{"@type":"WebSite","@id":"https:\/\/rnca.com.br\/#website","url":"https:\/\/rnca.com.br\/","name":"Rio Novo","description":"Auditoria. Consultoria. Tributos.","potentialAction":[{"@type":"SearchAction","target":{"@type":"EntryPoint","urlTemplate":"https:\/\/rnca.com.br\/?s={search_term_string}"},"query-input":{"@type":"PropertyValueSpecification","valueRequired":true,"valueName":"search_term_string"}}],"inLanguage":"en-US"}]}},"_links":{"self":[{"href":"https:\/\/rnca.com.br\/en\/wp-json\/wp\/v2\/pages\/76","targetHints":{"allow":["GET"]}}],"collection":[{"href":"https:\/\/rnca.com.br\/en\/wp-json\/wp\/v2\/pages"}],"about":[{"href":"https:\/\/rnca.com.br\/en\/wp-json\/wp\/v2\/types\/page"}],"author":[{"embeddable":true,"href":"https:\/\/rnca.com.br\/en\/wp-json\/wp\/v2\/users\/15"}],"replies":[{"embeddable":true,"href":"https:\/\/rnca.com.br\/en\/wp-json\/wp\/v2\/comments?post=76"}],"version-history":[{"count":19,"href":"https:\/\/rnca.com.br\/en\/wp-json\/wp\/v2\/pages\/76\/revisions"}],"predecessor-version":[{"id":2150,"href":"https:\/\/rnca.com.br\/en\/wp-json\/wp\/v2\/pages\/76\/revisions\/2150"}],"wp:attachment":[{"href":"https:\/\/rnca.com.br\/en\/wp-json\/wp\/v2\/media?parent=76"}],"curies":[{"name":"wp","href":"https:\/\/api.w.org\/{rel}","templated":true}]}}