{"id":9,"date":"2018-03-13T17:30:00","date_gmt":"2018-03-13T20:30:00","guid":{"rendered":"http:\/\/www.rncassociados.com.br\/?page_id=9"},"modified":"2025-08-14T22:32:48","modified_gmt":"2025-08-15T01:32:48","slug":"home","status":"publish","type":"page","link":"https:\/\/rnca.com.br\/en\/","title":{"rendered":"Home"},"content":{"rendered":"<p>[vc_row full_width=&#8221;stretch_row&#8221; css=&#8221;.vc_custom_1629251418231{margin-top: -70px !important;}&#8221; el_id=&#8221;slider&#8221;][vc_column][vc_column_text]\n\t\t\t<!-- START slide new REVOLUTION SLIDER 6.7.38 --><p class=\"rs-p-wp-fix\"><\/p>\n\t\t\t<rs-module-wrap id=\"rev_slider_5_1_wrapper\" data-source=\"gallery\" style=\"visibility:hidden;background:rgba(238,240,241,0);padding:0;margin:0px auto;margin-top:0;margin-bottom:0;\">\n\t\t\t\t<rs-module id=\"rev_slider_5_1\" style=\"\" data-version=\"6.7.38\">\n\t\t\t\t\t<rs-slides style=\"overflow: hidden; position: absolute;\">\n\t\t\t\t\t\t<rs-slide style=\"position: absolute;\" data-key=\"rs-17\" data-title=\"Example One\" data-thumb=\"\/\/73n.1a5.myftpupload.com\/wp-content\/uploads\/2018\/01\/slide-1-2-1.jpg\" data-anim=\"adpr:false;\" data-in=\"o:0;\" data-out=\"a:false;\">\n\t\t\t\t\t\t\t<img decoding=\"async\" src=\"\/\/rnca.com.br\/wp-content\/plugins\/revslider\/sr6\/assets\/assets\/dummy.png\"  alt=\"dummy Home\"   title=\"\"  class=\"rev-slidebg tp-rs-img rs-lazyload\" data-lazyload=\"\/\/73n.1a5.myftpupload.com\/wp-content\/uploads\/2018\/01\/slide-1-2-1.jpg\" data-no-retina>\n<!--\n\t\t\t\t\t\t\t--><h1\n\t\t\t\t\t\t\t\tid=\"slider-5-slide-17-layer-6\" \n\t\t\t\t\t\t\t\tclass=\"rs-layer rs-noevents\"\n\t\t\t\t\t\t\t\tdata-type=\"text\"\n\t\t\t\t\t\t\t\tdata-color=\"#000000||rgba(45, 48, 50, 1)||rgba(45, 48, 50, 1)||rgba(45, 48, 50, 1)\"\n\t\t\t\t\t\t\t\tdata-rsp_ch=\"on\"\n\t\t\t\t\t\t\t\tdata-xy=\"x:c;y:m;yo:-70px,-100px,-131px,-100px;\"\n\t\t\t\t\t\t\t\tdata-text=\"s:40;l:50,50,60,80;fw:700;a:inherit;\"\n\t\t\t\t\t\t\t\tdata-rsp_o=\"off\"\n\t\t\t\t\t\t\t\tdata-wrpcls=\"tp-nopointer\"\n\t\t\t\t\t\t\t\tdata-padding=\"r:20;l:20;\"\n\t\t\t\t\t\t\t\tdata-frame_0=\"o:1;blu:10px;\"\n\t\t\t\t\t\t\t\tdata-frame_1=\"st:500;sp:500;sR:500;\"\n\t\t\t\t\t\t\t\tdata-frame_999=\"o:0;st:w;sp:500;sR:4920;blu:10px;\"\n\t\t\t\t\t\t\t\tstyle=\"z-index:3;font-family:'Montserrat';\"\n\t\t\t\t\t\t\t>ASSERTIVIDADE \n\t\t\t\t\t\t\t<\/h1><!--\n\n\t\t\t\t\t\t\t--><rs-layer\n\t\t\t\t\t\t\t\tid=\"slider-5-slide-17-layer-8\" \n\t\t\t\t\t\t\t\tclass=\"rs-noevents\"\n\t\t\t\t\t\t\t\tdata-type=\"text\"\n\t\t\t\t\t\t\t\tdata-color=\"#000000||rgba(45, 48, 50, 1)||rgba(45, 48, 50, 1)||rgba(45, 48, 50, 1)\"\n\t\t\t\t\t\t\t\tdata-rsp_ch=\"on\"\n\t\t\t\t\t\t\t\tdata-xy=\"x:c;y:m;yo:17px,-30px,-20px,0;\"\n\t\t\t\t\t\t\t\tdata-text=\"w:normal;s:23,17,17,17;l:28,25,25,25;fw:600,700,700,700;a:center;\"\n\t\t\t\t\t\t\t\tdata-dim=\"w:898px,669px,361px,330px;h:105px,51px,auto,auto;\"\n\t\t\t\t\t\t\t\tdata-wrpcls=\"tp-nopointer\"\n\t\t\t\t\t\t\t\tdata-frame_0=\"y:-20px;blu:10px;\"\n\t\t\t\t\t\t\t\tdata-frame_1=\"e:power4.out;st:600;sp:760;sR:600;\"\n\t\t\t\t\t\t\t\tdata-frame_999=\"st:w;sp:600;sR:5640;auto:true;\"\n\t\t\t\t\t\t\t\tstyle=\"z-index:7;font-family:'Montserrat';\"\n\t\t\t\t\t\t\t>A partir de um diagn\u00f3stico criterioso, buscamos identificar as\nnecessidades de cada cliente e atuamos com agilidade para entregar resultados. \n\t\t\t\t\t\t\t<\/rs-layer><!--\n\n\t\t\t\t\t\t\t--><a\n\t\t\t\t\t\t\t\tid=\"slider-5-slide-17-layer-10\" \n\t\t\t\t\t\t\t\tclass=\"rs-layer rev-btn\"\n\t\t\t\t\t\t\t\thref=\"https:\/\/73n.1a5.myftpupload.com\/nossa-abordagem\/\" target=\"_self\"\n\t\t\t\t\t\t\t\tdata-type=\"button\"\n\t\t\t\t\t\t\t\tdata-color=\"#000000||rgba(45, 48, 50, 1)||rgba(45, 48, 50, 1)||rgba(45, 48, 50, 1)\"\n\t\t\t\t\t\t\t\tdata-rsp_ch=\"on\"\n\t\t\t\t\t\t\t\tdata-xy=\"x:c;xo:-1px,0,0,0;y:m;yo:89px,40px,60px,100px;\"\n\t\t\t\t\t\t\t\tdata-text=\"s:18,15,15,15;l:50;fw:500,700,700,700;a:inherit;\"\n\t\t\t\t\t\t\t\tdata-dim=\"h:50px,auto,auto,auto;\"\n\t\t\t\t\t\t\t\tdata-padding=\"r:35;l:35;\"\n\t\t\t\t\t\t\t\tdata-frame_0=\"y:-20px;gra:0%;blu:10px;\"\n\t\t\t\t\t\t\t\tdata-frame_1=\"e:power4.out;st:1390;sp:690;sR:1390;\"\n\t\t\t\t\t\t\t\tdata-frame_999=\"st:w;sp:600;sR:4920;auto:true;\"\n\t\t\t\t\t\t\t\tdata-frame_hover=\"c:#000;boc:#000;bor:0px,0px,0px,0px;bos:solid;oX:50;oY:50;sp:200;e:none;\"\n\t\t\t\t\t\t\t\tstyle=\"z-index:8;font-family:'Montserrat';cursor:pointer;outline:none;box-shadow:none;box-sizing:border-box;-moz-box-sizing:border-box;-webkit-box-sizing:border-box;\"\n\t\t\t\t\t\t\t><i class=\"fa fa-long-arrow-right\" aria-hidden=\"true\"><\/i>\n  CONHE\u00c7A NOSSA ABORDAGEM <i class=\"fa fa-long-arrow-left\" aria-hidden=\"true\"><\/i> \n\t\t\t\t\t\t\t<\/a><!--\n-->\t\t\t\t\t<\/rs-slide>\n\t\t\t\t\t\t<rs-slide style=\"position: absolute;\" data-key=\"rs-18\" data-title=\"Example One\" data-thumb=\"\/\/73n.1a5.myftpupload.com\/wp-content\/uploads\/2017\/10\/fundo-cinza.jpg\" data-anim=\"adpr:false;\" data-in=\"o:0;\" data-out=\"a:false;\">\n\t\t\t\t\t\t\t<img decoding=\"async\" src=\"\/\/rnca.com.br\/wp-content\/plugins\/revslider\/sr6\/assets\/assets\/dummy.png\"  alt=\"dummy Home\"   title=\"\"  class=\"rev-slidebg tp-rs-img rs-lazyload\" data-lazyload=\"\/\/73n.1a5.myftpupload.com\/wp-content\/uploads\/2017\/10\/fundo-cinza.jpg\" data-no-retina>\n<!--\n\t\t\t\t\t\t\t--><rs-layer\n\t\t\t\t\t\t\t\tid=\"slider-5-slide-18-layer-6\" \n\t\t\t\t\t\t\t\tclass=\"rs-noevents\"\n\t\t\t\t\t\t\t\tdata-type=\"text\"\n\t\t\t\t\t\t\t\tdata-color=\"#000000\"\n\t\t\t\t\t\t\t\tdata-rsp_ch=\"on\"\n\t\t\t\t\t\t\t\tdata-xy=\"x:c;y:m;yo:-70px,-100px,-100px,-110px;\"\n\t\t\t\t\t\t\t\tdata-text=\"s:40;l:50,50,50,80;fw:700;a:inherit;\"\n\t\t\t\t\t\t\t\tdata-wrpcls=\"tp-nopointer\"\n\t\t\t\t\t\t\t\tdata-padding=\"r:20;l:20;\"\n\t\t\t\t\t\t\t\tdata-frame_0=\"o:1;blu:10px;\"\n\t\t\t\t\t\t\t\tdata-frame_1=\"st:500;sp:500;sR:500;\"\n\t\t\t\t\t\t\t\tdata-frame_999=\"o:0;st:w;sp:500;sR:5200;blu:10px;\"\n\t\t\t\t\t\t\t\tstyle=\"z-index:5;font-family:'Montserrat';\"\n\t\t\t\t\t\t\t>SENIORIDADE \n\t\t\t\t\t\t\t<\/rs-layer><!--\n\n\t\t\t\t\t\t\t--><rs-layer\n\t\t\t\t\t\t\t\tid=\"slider-5-slide-18-layer-8\" \n\t\t\t\t\t\t\t\tclass=\"rs-noevents\"\n\t\t\t\t\t\t\t\tdata-type=\"text\"\n\t\t\t\t\t\t\t\tdata-color=\"#000000\"\n\t\t\t\t\t\t\t\tdata-rsp_ch=\"on\"\n\t\t\t\t\t\t\t\tdata-xy=\"x:c;y:m;yo:17px,-30px,-20px,-20px;\"\n\t\t\t\t\t\t\t\tdata-text=\"w:normal;s:23,23,18,17;l:28,25,25,25;fw:600,700,700,700;a:center;\"\n\t\t\t\t\t\t\t\tdata-dim=\"w:713px,866px,472px,330px;h:103px,auto,77px,auto;\"\n\t\t\t\t\t\t\t\tdata-wrpcls=\"tp-nopointer\"\n\t\t\t\t\t\t\t\tdata-frame_0=\"y:-20px;blu:10px;\"\n\t\t\t\t\t\t\t\tdata-frame_1=\"e:power4.out;st:600;sp:760;sR:600;\"\n\t\t\t\t\t\t\t\tdata-frame_999=\"st:w;sp:600;sR:5640;auto:true;\"\n\t\t\t\t\t\t\t\tstyle=\"z-index:6;font-family:'Montserrat';\"\n\t\t\t\t\t\t\t>Liderados por executivos com mais de 30 anos de experi\u00eancia, nossos servi\u00e7os unem tradi\u00e7\u00e3o e inova\u00e7\u00e3o para resultados que s\u00f3 a maturidade proporciona. \n\t\t\t\t\t\t\t<\/rs-layer><!--\n\n\t\t\t\t\t\t\t--><a\n\t\t\t\t\t\t\t\tid=\"slider-5-slide-18-layer-10\" \n\t\t\t\t\t\t\t\tclass=\"rs-layer rev-btn\"\n\t\t\t\t\t\t\t\thref=\"https:\/\/rnca.com.br\/nossos-executivos\/\" target=\"_self\"\n\t\t\t\t\t\t\t\tdata-type=\"button\"\n\t\t\t\t\t\t\t\tdata-color=\"#000000\"\n\t\t\t\t\t\t\t\tdata-rsp_ch=\"on\"\n\t\t\t\t\t\t\t\tdata-xy=\"x:c;xo:2px,0,0,0;y:m;yo:97px,40px,40px,60px;\"\n\t\t\t\t\t\t\t\tdata-text=\"s:18,15,15,15;l:50;fw:500,700,700,700;a:inherit;\"\n\t\t\t\t\t\t\t\tdata-padding=\"r:35;l:35;\"\n\t\t\t\t\t\t\t\tdata-frame_0=\"y:-20px;gra:0%;blu:10px;\"\n\t\t\t\t\t\t\t\tdata-frame_1=\"e:power4.out;st:1370;sp:680;sR:1370;\"\n\t\t\t\t\t\t\t\tdata-frame_999=\"st:w;sp:600;sR:4950;auto:true;\"\n\t\t\t\t\t\t\t\tdata-frame_hover=\"c:#000;boc:#000;bor:0px,0px,0px,0px;bos:solid;oX:50;oY:50;sp:200;e:none;\"\n\t\t\t\t\t\t\t\tstyle=\"z-index:7;font-family:'Montserrat';cursor:pointer;outline:none;box-shadow:none;box-sizing:border-box;-moz-box-sizing:border-box;-webkit-box-sizing:border-box;\"\n\t\t\t\t\t\t\t><i class=\"fa fa-long-arrow-right\" aria-hidden=\"true\"><\/i>\n SAIBA MAIS SOBRE N\u00d3S <i class=\"fa fa-long-arrow-left\" aria-hidden=\"true\"><\/i>\n \n\t\t\t\t\t\t\t<\/a><!--\n-->\t\t\t\t\t<\/rs-slide>\n\t\t\t\t\t\t<rs-slide style=\"position: absolute;\" data-key=\"rs-19\" data-title=\"Example One\" data-thumb=\"\/\/73n.1a5.myftpupload.com\/wp-content\/uploads\/2017\/10\/fundo-escuro.jpg\" data-anim=\"adpr:false;\" data-in=\"o:0;\" data-out=\"a:false;\">\n\t\t\t\t\t\t\t<img decoding=\"async\" src=\"\/\/rnca.com.br\/wp-content\/plugins\/revslider\/sr6\/assets\/assets\/dummy.png\"  alt=\"dummy Home\"   title=\"\"  class=\"rev-slidebg tp-rs-img rs-lazyload\" data-lazyload=\"\/\/73n.1a5.myftpupload.com\/wp-content\/uploads\/2017\/10\/fundo-escuro.jpg\" data-no-retina>\n<!--\n\t\t\t\t\t\t\t--><rs-layer\n\t\t\t\t\t\t\t\tid=\"slider-5-slide-19-layer-6\" \n\t\t\t\t\t\t\t\tclass=\"rs-noevents\"\n\t\t\t\t\t\t\t\tdata-type=\"text\"\n\t\t\t\t\t\t\t\tdata-color=\"#cee244\"\n\t\t\t\t\t\t\t\tdata-rsp_ch=\"on\"\n\t\t\t\t\t\t\t\tdata-xy=\"x:c;xo:0,-2px,0,0;y:m;yo:-70px,-99px,-140px,-140px;\"\n\t\t\t\t\t\t\t\tdata-text=\"s:40;l:50;fw:700;a:inherit;\"\n\t\t\t\t\t\t\t\tdata-wrpcls=\"tp-nopointer\"\n\t\t\t\t\t\t\t\tdata-padding=\"r:20;l:20;\"\n\t\t\t\t\t\t\t\tdata-frame_0=\"o:1;blu:10px;\"\n\t\t\t\t\t\t\t\tdata-frame_1=\"st:500;sp:500;sR:500;\"\n\t\t\t\t\t\t\t\tdata-frame_999=\"o:0;st:w;sp:500;sR:5300;blu:10px;\"\n\t\t\t\t\t\t\t\tstyle=\"z-index:5;font-family:'Montserrat';\"\n\t\t\t\t\t\t\t>VIS\u00c3O AMPLA \n\t\t\t\t\t\t\t<\/rs-layer><!--\n\n\t\t\t\t\t\t\t--><rs-layer\n\t\t\t\t\t\t\t\tid=\"slider-5-slide-19-layer-8\" \n\t\t\t\t\t\t\t\tclass=\"rs-noevents\"\n\t\t\t\t\t\t\t\tdata-type=\"text\"\n\t\t\t\t\t\t\t\tdata-color=\"#cee244\"\n\t\t\t\t\t\t\t\tdata-rsp_ch=\"on\"\n\t\t\t\t\t\t\t\tdata-xy=\"x:c;y:m;yo:17px,-10px,-40px,-30px;\"\n\t\t\t\t\t\t\t\tdata-text=\"w:normal;s:23,23,17,17;l:28,25,25,25;fw:600,700,700,700;a:center;\"\n\t\t\t\t\t\t\t\tdata-dim=\"w:1038px,717px,361px,330px;h:106px,auto,auto,auto;\"\n\t\t\t\t\t\t\t\tdata-wrpcls=\"tp-nopointer\"\n\t\t\t\t\t\t\t\tdata-frame_0=\"y:-20px;blu:10px;\"\n\t\t\t\t\t\t\t\tdata-frame_1=\"e:power4.out;st:600;sp:760;sR:600;\"\n\t\t\t\t\t\t\t\tdata-frame_999=\"st:w;sp:600;sR:5640;auto:true;\"\n\t\t\t\t\t\t\t\tstyle=\"z-index:6;font-family:'Montserrat';\"\n\t\t\t\t\t\t\t>Aplicamos expertise multidisciplinar em cada an\u00e1lise para antecipar riscos, maximizar oportunidades e gerar resultados estrat\u00e9gicos para seu neg\u00f3cio. \n\t\t\t\t\t\t\t<\/rs-layer><!--\n\n\t\t\t\t\t\t\t--><a\n\t\t\t\t\t\t\t\tid=\"slider-5-slide-19-layer-10\" \n\t\t\t\t\t\t\t\tclass=\"rs-layer rev-btn\"\n\t\t\t\t\t\t\t\thref=\"https:\/\/rnca.com.br\/nossos-servicos\/\" target=\"_self\"\n\t\t\t\t\t\t\t\tdata-type=\"button\"\n\t\t\t\t\t\t\t\tdata-color=\"#cee244\"\n\t\t\t\t\t\t\t\tdata-rsp_ch=\"on\"\n\t\t\t\t\t\t\t\tdata-xy=\"x:c;y:m;yo:70px,70px,60px,76px;\"\n\t\t\t\t\t\t\t\tdata-text=\"s:18,15,15,15;l:50;fw:500,700,700,700;a:inherit;\"\n\t\t\t\t\t\t\t\tdata-padding=\"r:35;l:35;\"\n\t\t\t\t\t\t\t\tdata-frame_0=\"y:-20px;gra:0%;blu:10px;\"\n\t\t\t\t\t\t\t\tdata-frame_1=\"e:power4.out;st:1380;sp:690;sR:1380;\"\n\t\t\t\t\t\t\t\tdata-frame_999=\"st:w;sp:600;sR:4930;auto:true;\"\n\t\t\t\t\t\t\t\tdata-frame_hover=\"c:#cee244;boc:#000;bor:0px,0px,0px,0px;bos:solid;oX:50;oY:50;sp:200;e:none;\"\n\t\t\t\t\t\t\t\tstyle=\"z-index:7;font-family:'Montserrat';cursor:pointer;outline:none;box-shadow:none;box-sizing:border-box;-moz-box-sizing:border-box;-webkit-box-sizing:border-box;\"\n\t\t\t\t\t\t\t><i class=\"fa fa-long-arrow-right\" aria-hidden=\"true\"><\/i>\n  CONHE\u00c7A NOSSOS SERVI\u00c7OS <i class=\"fa fa-long-arrow-left\" aria-hidden=\"true\"><\/i>\n \n\t\t\t\t\t\t\t<\/a><!--\n-->\t\t\t\t\t<\/rs-slide>\n\t\t\t\t\t<\/rs-slides>\n\t\t\t\t<\/rs-module>\n\t\t\t\t<script>\n\t\t\t\t\tsetREVStartSize({c: 'rev_slider_5_1',rl:[1240,1024,778,480],el:[500,768,960,720],gw:[1240,1024,778,480],gh:[500,768,960,720],type:'standard',justify:'',layout:'fullwidth',mh:\"0\"});if (window.RS_MODULES!==undefined && window.RS_MODULES.modules!==undefined && window.RS_MODULES.modules[\"revslider51\"]!==undefined) {window.RS_MODULES.modules[\"revslider51\"].once = false;window.revapi5 = undefined;if (window.RS_MODULES.checkMinimal!==undefined) window.RS_MODULES.checkMinimal()}\n\t\t\t\t<\/script>\n\t\t\t<\/rs-module-wrap>\n\t\t\t<!-- END REVOLUTION SLIDER -->\n[\/vc_column_text][\/vc_column][\/vc_row][vc_row full_width=&#8221;stretch_row&#8221; equal_height=&#8221;yes&#8221; content_placement=&#8221;top&#8221; css=&#8221;.vc_custom_1510338334286{padding-top: 20px !important;padding-bottom: 20px !important;}&#8221; el_id=&#8221;abordagem&#8221;][vc_column width=&#8221;5\/12&#8243;][vc_empty_space height=&#8221;45px&#8221;][vc_column_text]<\/p>\n<h3>NOSSA ABORDAGEM<\/h3>\n<p>[\/vc_column_text][vc_column_text css=&#8221;.vc_custom_1747918774606{margin-top: -25px !important;padding-right: 100px !important;}&#8221; el_class=&#8221;texto-abordagem&#8221;]<\/p>\n<p style=\"text-align: justify;\">Na Rio Novo, unimos\u00a0experi\u00eancia de elite\u00a0\u00e0\u00a0<strong>agilidade estrat\u00e9gica<\/strong>.<\/p>\n<p style=\"text-align: justify;\">Nossa hist\u00f3ria come\u00e7a com a uni\u00e3o de executivos que acumulam mais de 30 anos nas principais consultorias e auditorias do Brasil e do mundo \u2013 conhecimento que agora est\u00e1 \u00e0 disposi\u00e7\u00e3o do seu neg\u00f3cio.<\/p>\n<p>[\/vc_column_text][vc_btn title=&#8221;CONHE\u00c7A MELHOR COMO TRABALHAMOS&#8221; style=&#8221;custom&#8221; custom_background=&#8221;#cee244&#8243; custom_text=&#8221;#000000&#8243; shape=&#8221;square&#8221; link=&#8221;url:%2Fnossa-abordagem%2F&#8221;][\/vc_column][vc_column width=&#8221;7\/12&#8243;][vc_video link=&#8221;https:\/\/rnca.com.br\/vid-20250814-wa0040_1\/&#8221; css=&#8221;.vc_custom_1755221499059{padding-bottom: 20px !important;}&#8221;][\/vc_column][\/vc_row][vc_row full_width=&#8221;stretch_row&#8221; css=&#8221;.vc_custom_1513003155403{margin-top: -90px !important;background-color: #000000 !important;}&#8221;][vc_column][vc_column_text]<\/p>\n<h5 style=\"text-align: left;\"><span style=\"color: #cee244;\">Ficamos ao lado do cliente.\u00a0Conhecemos os desafios empresariais e<br \/>\ntemos experi\u00eancia para oferecer respostas r\u00e1pidas e solu\u00e7\u00f5es sob medida.<\/span><\/h5>\n<p>[\/vc_column_text][\/vc_column][\/vc_row][vc_row full_width=&#8221;stretch_row&#8221; css=&#8221;.vc_custom_1509556108487{padding-top: 20px !important;padding-bottom: 20px !important;}&#8221;][vc_column width=&#8221;3\/4&#8243;][vc_column_text]<\/p>\n<h2>NOSSOS SERVI\u00c7OS<\/h2>\n<p>[\/vc_column_text][vc_column_text css=&#8221;.vc_custom_1747918991905{margin-top: -20px !important;}&#8221;]<\/p>\n<p class=\"p1\"><span style=\"text-align: justify;\">Na Rio Novo, cada projeto parte de um mesmo ponto: compreender adequadamente\u00a0as necessidades de nossos clientes, independentemente de porte e de setor.<\/span><\/p>\n<p class=\"p1\"><span style=\"text-align: justify;\">Trabalhamos de forma integrada nas \u00e1reas cont\u00e1bil, financeira, tribut\u00e1ria e de gest\u00e3o\u00a0corporativa, com frentes amplas de servi\u00e7os.<\/span><\/p>\n<p>[\/vc_column_text][\/vc_column][vc_column width=&#8221;1\/4&#8243;][\/vc_column][\/vc_row][vc_row el_id=&#8221;servicos&#8221;][vc_column width=&#8221;11\/12&#8243;][vc_row_inner equal_height=&#8221;yes&#8221; content_placement=&#8221;bottom&#8221;][vc_column_inner width=&#8221;1\/4&#8243;][vc_single_image image=&#8221;67&#8243; img_size=&#8221;full&#8221; alignment=&#8221;center&#8221; onclick=&#8221;custom_link&#8221; link=&#8221;\/nossos-servicos\/auditoria-e-consultoria-contabil\/&#8221;][vc_column_text css=&#8221;.vc_custom_1725999467644{margin-top: -25px !important;}&#8221;]<\/p>\n<p style=\"text-align: center;\"><a href=\"\/nossos-servicos\/auditoria-e-consultoria-contabil\/\">Auditoria e<\/a><br \/>\n<a href=\"\/nossos-servicos\/auditoria-e-consultoria-contabil\/\">Consultoria Cont\u00e1bil<\/a>[\/vc_column_text][\/vc_column_inner][vc_column_inner width=&#8221;4\/12&#8243;][vc_single_image image=&#8221;61&#8243; img_size=&#8221;full&#8221; alignment=&#8221;center&#8221; onclick=&#8221;custom_link&#8221; image_hovers=&#8221;false&#8221; link=&#8221;\/nossos-servicos\/assessoria-em-due-diligence\/&#8221;][vc_column_text css=&#8221;.vc_custom_1725999442490{margin-top: -25px !important;}&#8221;]<\/p>\n<p style=\"text-align: center;\"><a href=\"\/nossos-servicos\/assessoria-em-due-diligence\/\">Assessoria em<br \/>\n<\/a><em><a href=\"\/nossos-servicos\/assessoria-em-due-diligence\/\">Due Dilligence<\/a><\/em>[\/vc_column_text][\/vc_column_inner][vc_column_inner width=&#8221;1\/4&#8243;][vc_single_image image=&#8221;63&#8243; img_size=&#8221;full&#8221; alignment=&#8221;center&#8221; onclick=&#8221;custom_link&#8221; image_hovers=&#8221;false&#8221; link=&#8221;\/nossos-servicos\/assessoria-pos-ma\/&#8221;][vc_column_text css=&#8221;.vc_custom_1725999413908{margin-top: -25px !important;}&#8221;]<\/p>\n<p style=\"text-align: center;\"><a href=\"\/nossos-servicos\/assessoria-em-pre-e-pos-ma\/\">Assessoria<\/a><br \/>\n<a href=\"\/nossos-servicos\/assessoria-em-pre-e-pos-ma\/\">M&amp;A<\/a>[\/vc_column_text][\/vc_column_inner][vc_column_inner width=&#8221;2\/12&#8243;][vc_single_image image=&#8221;65&#8243; img_size=&#8221;full&#8221; alignment=&#8221;center&#8221; onclick=&#8221;custom_link&#8221; image_hovers=&#8221;false&#8221; link=&#8221;\/nossos-servicos\/consultoria-tributaria&#8221;][vc_column_text css=&#8221;.vc_custom_1725999351788{margin-top: -25px !important;}&#8221;]<\/p>\n<p style=\"text-align: center;\"><a href=\"\/nossos-servicos\/consultoria-tributaria\/&quot;\">Consultoria<\/a><br \/>\n<a href=\"\/nossos-servicos\/consultoria-tributaria\/\">Tribut\u00e1ria<\/a>[\/vc_column_text][\/vc_column_inner][\/vc_row_inner][vc_row_inner equal_height=&#8221;yes&#8221; content_placement=&#8221;bottom&#8221;][vc_column_inner width=&#8221;1\/4&#8243;][vc_single_image image=&#8221;60&#8243; img_size=&#8221;full&#8221; alignment=&#8221;center&#8221; onclick=&#8221;custom_link&#8221; image_hovers=&#8221;false&#8221; link=&#8221;\/nossos-servicos\/consultoria-trabalhista-e-previdenciaria\/&#8221;][vc_column_text css=&#8221;.vc_custom_1725999297795{margin-top: -25px !important;}&#8221;]<\/p>\n<p style=\"text-align: center;\"><a href=\"\/nossos-servicos\/consultoria-trabalhista-e-previdenciaria\/\">Consultoria Trabalhista<\/a><br \/>\n<a href=\"\/nossos-servicos\/consultoria-trabalhista-e-previdenciaria\/\">e Previdenci\u00e1ria<\/a>[\/vc_column_text][\/vc_column_inner][vc_column_inner width=&#8221;4\/12&#8243;][vc_single_image image=&#8221;64&#8243; img_size=&#8221;full&#8221; alignment=&#8221;center&#8221; onclick=&#8221;custom_link&#8221; image_hovers=&#8221;false&#8221; link=&#8221;\/nossos-servicos\/gestao-corporativa\/&#8221;][vc_column_text css=&#8221;.vc_custom_1725999258233{margin-top: -25px !important;}&#8221;]<\/p>\n<p style=\"text-align: center;\"><a href=\"\/nossos-servicos\/gestao-corporativa\/\">Performance Improvement<br \/>\ne gest\u00e3o corporativa <\/a>[\/vc_column_text][\/vc_column_inner][vc_column_inner width=&#8221;1\/4&#8243;][vc_single_image image=&#8221;66&#8243; img_size=&#8221;full&#8221; alignment=&#8221;center&#8221; onclick=&#8221;custom_link&#8221; image_hovers=&#8221;false&#8221; link=&#8221;\/nossos-servicos\/gestao-de-riscos\/&#8221;][vc_column_text css=&#8221;.vc_custom_1725999323300{margin-top: -25px !important;}&#8221;]<\/p>\n<p style=\"text-align: center;\"><a href=\"\/nossos-servicos\/gestao-de-riscos\/\">Gest\u00e3o<\/a><br \/>\n<a href=\"\/nossos-servicos\/gestao-de-riscos\/\">de riscos <\/a>[\/vc_column_text][\/vc_column_inner][\/vc_row_inner][\/vc_column][vc_column width=&#8221;1\/12&#8243;][\/vc_column][\/vc_row]<\/p>\n","protected":false},"excerpt":{"rendered":"<p>[vc_row full_width=&#8221;stretch_row&#8221; css=&#8221;.vc_custom_1629251418231{margin-top: -70px !important;}&#8221; el_id=&#8221;slider&#8221;][vc_column][vc_column_text][\/vc_column_text][\/vc_column][\/vc_row][vc_row full_width=&#8221;stretch_row&#8221; equal_height=&#8221;yes&#8221; content_placement=&#8221;top&#8221; css=&#8221;.vc_custom_1510338334286{padding-top: 20px !important;padding-bottom: 20px !important;}&#8221; el_id=&#8221;abordagem&#8221;][vc_column width=&#8221;5\/12&#8243;][vc_empty_space height=&#8221;45px&#8221;][vc_column_text] NOSSA ABORDAGEM [\/vc_column_text][vc_column_text css=&#8221;.vc_custom_1747918774606{margin-top: -25px !important;padding-right: 100px !important;}&#8221; el_class=&#8221;texto-abordagem&#8221;] Na Rio Novo, unimos\u00a0experi\u00eancia de elite\u00a0\u00e0\u00a0agilidade estrat\u00e9gica. Nossa hist\u00f3ria come\u00e7a com a uni\u00e3o de executivos que acumulam mais de 30 anos nas principais consultorias e auditorias do Brasil e&hellip;<\/p>\n","protected":false},"author":15,"featured_media":0,"parent":0,"menu_order":0,"comment_status":"closed","ping_status":"closed","template":"","meta":{"footnotes":""},"class_list":["post-9","page","type-page","status-publish","hentry","description-off"],"yoast_head":"<!-- This site is optimized with the Yoast SEO plugin v27.4 - https:\/\/yoast.com\/product\/yoast-seo-wordpress\/ -->\n<title>Rio Novo | Auditoria, Consultoria e Tributos - S\u00e3o Paulo<\/title>\n<meta name=\"description\" content=\"Executivos com mais de 25 anos de experi\u00eancia que atuam nas \u00e1reas cont\u00e1bil, financeira, tribut\u00e1ria, trabalhista e de gest\u00e3o corporativa - S\u00e3o Paulo \/ SP.\" \/>\n<meta name=\"robots\" content=\"index, follow, max-snippet:-1, max-image-preview:large, max-video-preview:-1\" \/>\n<link rel=\"canonical\" href=\"https:\/\/rnca.com.br\/\" \/>\n<meta property=\"og:locale\" content=\"en_US\" \/>\n<meta property=\"og:type\" content=\"article\" \/>\n<meta property=\"og:title\" content=\"Rio Novo | Auditoria, Consultoria e Tributos - S\u00e3o Paulo\" \/>\n<meta property=\"og:description\" content=\"Executivos com mais de 25 anos de experi\u00eancia que atuam nas \u00e1reas cont\u00e1bil, financeira, tribut\u00e1ria, trabalhista e de gest\u00e3o corporativa - S\u00e3o Paulo \/ SP.\" \/>\n<meta property=\"og:url\" content=\"https:\/\/rnca.com.br\/\" \/>\n<meta property=\"og:site_name\" content=\"Rio Novo\" \/>\n<meta property=\"article:modified_time\" content=\"2025-08-15T01:32:48+00:00\" \/>\n<meta property=\"og:image\" content=\"https:\/\/rnca.com.br\/wp-content\/uploads\/2017\/10\/logo-float.jpg\" \/>\n<meta name=\"twitter:card\" content=\"summary_large_image\" \/>\n<meta name=\"twitter:label1\" content=\"Est. reading time\" \/>\n\t<meta name=\"twitter:data1\" content=\"4 minutes\" \/>\n<script type=\"application\/ld+json\" class=\"yoast-schema-graph\">{\"@context\":\"https:\\\/\\\/schema.org\",\"@graph\":[{\"@type\":\"WebPage\",\"@id\":\"https:\\\/\\\/rnca.com.br\\\/\",\"url\":\"https:\\\/\\\/rnca.com.br\\\/\",\"name\":\"Rio Novo | Auditoria, Consultoria e Tributos - S\u00e3o Paulo\",\"isPartOf\":{\"@id\":\"https:\\\/\\\/rnca.com.br\\\/#website\"},\"datePublished\":\"2018-03-13T20:30:00+00:00\",\"dateModified\":\"2025-08-15T01:32:48+00:00\",\"description\":\"Executivos com mais de 25 anos de experi\u00eancia que atuam nas \u00e1reas cont\u00e1bil, financeira, tribut\u00e1ria, trabalhista e de gest\u00e3o corporativa - S\u00e3o Paulo \\\/ SP.\",\"breadcrumb\":{\"@id\":\"https:\\\/\\\/rnca.com.br\\\/#breadcrumb\"},\"inLanguage\":\"en-US\",\"potentialAction\":[{\"@type\":\"ReadAction\",\"target\":[\"https:\\\/\\\/rnca.com.br\\\/\"]}]},{\"@type\":\"BreadcrumbList\",\"@id\":\"https:\\\/\\\/rnca.com.br\\\/#breadcrumb\",\"itemListElement\":[{\"@type\":\"ListItem\",\"position\":1,\"name\":\"In\u00edcio\",\"item\":\"https:\\\/\\\/rnca.com.br\\\/\"},{\"@type\":\"ListItem\",\"position\":2,\"name\":\"Home\"}]},{\"@type\":\"WebSite\",\"@id\":\"https:\\\/\\\/rnca.com.br\\\/#website\",\"url\":\"https:\\\/\\\/rnca.com.br\\\/\",\"name\":\"Rio Novo\",\"description\":\"Auditoria. Consultoria. Tributos.\",\"potentialAction\":[{\"@type\":\"SearchAction\",\"target\":{\"@type\":\"EntryPoint\",\"urlTemplate\":\"https:\\\/\\\/rnca.com.br\\\/?s={search_term_string}\"},\"query-input\":{\"@type\":\"PropertyValueSpecification\",\"valueRequired\":true,\"valueName\":\"search_term_string\"}}],\"inLanguage\":\"en-US\"}]}<\/script>\n<!-- \/ Yoast SEO plugin. -->","yoast_head_json":{"title":"Rio Novo | Auditoria, Consultoria e Tributos - S\u00e3o Paulo","description":"Executivos com mais de 25 anos de experi\u00eancia que atuam nas \u00e1reas cont\u00e1bil, financeira, tribut\u00e1ria, trabalhista e de gest\u00e3o corporativa - S\u00e3o Paulo \/ SP.","robots":{"index":"index","follow":"follow","max-snippet":"max-snippet:-1","max-image-preview":"max-image-preview:large","max-video-preview":"max-video-preview:-1"},"canonical":"https:\/\/rnca.com.br\/","og_locale":"en_US","og_type":"article","og_title":"Rio Novo | Auditoria, Consultoria e Tributos - S\u00e3o Paulo","og_description":"Executivos com mais de 25 anos de experi\u00eancia que atuam nas \u00e1reas cont\u00e1bil, financeira, tribut\u00e1ria, trabalhista e de gest\u00e3o corporativa - S\u00e3o Paulo \/ SP.","og_url":"https:\/\/rnca.com.br\/","og_site_name":"Rio Novo","article_modified_time":"2025-08-15T01:32:48+00:00","og_image":[{"url":"https:\/\/rnca.com.br\/wp-content\/uploads\/2017\/10\/logo-float.jpg","type":"","width":"","height":""}],"twitter_card":"summary_large_image","twitter_misc":{"Est. reading time":"4 minutes"},"schema":{"@context":"https:\/\/schema.org","@graph":[{"@type":"WebPage","@id":"https:\/\/rnca.com.br\/","url":"https:\/\/rnca.com.br\/","name":"Rio Novo | Auditoria, Consultoria e Tributos - S\u00e3o Paulo","isPartOf":{"@id":"https:\/\/rnca.com.br\/#website"},"datePublished":"2018-03-13T20:30:00+00:00","dateModified":"2025-08-15T01:32:48+00:00","description":"Executivos com mais de 25 anos de experi\u00eancia que atuam nas \u00e1reas cont\u00e1bil, financeira, tribut\u00e1ria, trabalhista e de gest\u00e3o corporativa - S\u00e3o Paulo \/ SP.","breadcrumb":{"@id":"https:\/\/rnca.com.br\/#breadcrumb"},"inLanguage":"en-US","potentialAction":[{"@type":"ReadAction","target":["https:\/\/rnca.com.br\/"]}]},{"@type":"BreadcrumbList","@id":"https:\/\/rnca.com.br\/#breadcrumb","itemListElement":[{"@type":"ListItem","position":1,"name":"In\u00edcio","item":"https:\/\/rnca.com.br\/"},{"@type":"ListItem","position":2,"name":"Home"}]},{"@type":"WebSite","@id":"https:\/\/rnca.com.br\/#website","url":"https:\/\/rnca.com.br\/","name":"Rio Novo","description":"Auditoria. Consultoria. Tributos.","potentialAction":[{"@type":"SearchAction","target":{"@type":"EntryPoint","urlTemplate":"https:\/\/rnca.com.br\/?s={search_term_string}"},"query-input":{"@type":"PropertyValueSpecification","valueRequired":true,"valueName":"search_term_string"}}],"inLanguage":"en-US"}]}},"_links":{"self":[{"href":"https:\/\/rnca.com.br\/en\/wp-json\/wp\/v2\/pages\/9","targetHints":{"allow":["GET"]}}],"collection":[{"href":"https:\/\/rnca.com.br\/en\/wp-json\/wp\/v2\/pages"}],"about":[{"href":"https:\/\/rnca.com.br\/en\/wp-json\/wp\/v2\/types\/page"}],"author":[{"embeddable":true,"href":"https:\/\/rnca.com.br\/en\/wp-json\/wp\/v2\/users\/15"}],"replies":[{"embeddable":true,"href":"https:\/\/rnca.com.br\/en\/wp-json\/wp\/v2\/comments?post=9"}],"version-history":[{"count":65,"href":"https:\/\/rnca.com.br\/en\/wp-json\/wp\/v2\/pages\/9\/revisions"}],"predecessor-version":[{"id":2199,"href":"https:\/\/rnca.com.br\/en\/wp-json\/wp\/v2\/pages\/9\/revisions\/2199"}],"wp:attachment":[{"href":"https:\/\/rnca.com.br\/en\/wp-json\/wp\/v2\/media?parent=9"}],"curies":[{"name":"wp","href":"https:\/\/api.w.org\/{rel}","templated":true}]}}